{"id":1022,"date":"2025-08-28T13:16:43","date_gmt":"2025-08-28T11:16:43","guid":{"rendered":"http:\/\/www.wearemuse.eu\/kaos\/"},"modified":"2025-09-03T14:42:36","modified_gmt":"2025-09-03T12:42:36","slug":"kaos","status":"publish","type":"page","link":"http:\/\/www.wearemuse.eu\/es\/kaos\/","title":{"rendered":"Kaos"},"content":{"rendered":"\n<div class=\"wp-block-uagb-container uagb-block-ab29ed18 alignwide uagb-is-root-container\">\n<div class=\"wp-block-uagb-container uagb-block-baa9e98c alignwide uagb-is-root-container\">\n<div class=\"wp-block-columns is-layout-flex wp-container-core-columns-is-layout-28f84493 wp-block-columns-is-layout-flex\">\n<div class=\"wp-block-column is-layout-flow wp-block-column-is-layout-flow\" style=\"flex-basis:35%\"><\/div>\n\n\n\n<div class=\"wp-block-column is-layout-flow wp-block-column-is-layout-flow\">\n<div class=\"wp-block-uagb-image uagb-block-5d8a52a0 wp-block-uagb-image--layout-default wp-block-uagb-image--effect-static wp-block-uagb-image--align-none\"><figure class=\"wp-block-uagb-image__figure\"><img decoding=\"async\" srcset=\"http:\/\/www.wearemuse.eu\/wp-content\/uploads\/2025\/08\/kaos-logo-h-1024x256.png ,http:\/\/www.wearemuse.eu\/wp-content\/uploads\/2025\/08\/kaos-logo-h.png 780w, http:\/\/www.wearemuse.eu\/wp-content\/uploads\/2025\/08\/kaos-logo-h.png 360w\" sizes=\"auto, (max-width: 480px) 150px\" src=\"http:\/\/www.wearemuse.eu\/wp-content\/uploads\/2025\/08\/kaos-logo-h-1024x256.png\" alt=\"\" class=\"uag-image-546\" width=\"1024\" height=\"256\" title=\"kaos-logo-h\" loading=\"lazy\" role=\"img\"><\/figure><\/div>\n\n\n\n<p class=\"has-text-align-center has-ast-global-color-4-color has-text-color has-link-color wp-elements-30c7fc47871f8e75162e5f3c885835e8\"><strong>B\u00c9LGICA<\/strong><\/p>\n\n\n\n<p class=\"has-text-align-center has-ast-global-color-4-color has-text-color has-link-color wp-elements-40a867510991f2fd0e4f5f29c8a07870\">KAOS promueve el talento creativo de personas con o sin vulnerabilidad mental mediante exposiciones, performances y di\u00e1logos p\u00fablicos. Como expertos, coordinan el desarrollo art\u00edstico de la colecci\u00f3n c\u00e1psula y organizan el evento internacional de moda de clausura en Bruselas. <\/p>\n\n\n\n<div class=\"wp-block-uagb-buttons uagb-buttons__outer-wrap uagb-btn__default-btn uagb-btn-tablet__default-btn uagb-btn-mobile__default-btn uagb-block-2b0d1c58\"><div class=\"uagb-buttons__wrap uagb-buttons-layout-wrap \">\n<div class=\"wp-block-uagb-buttons-child uagb-buttons__outer-wrap uagb-block-5f279f9d wp-block-button animated fadeIn\"><div class=\"uagb-button__wrapper\"><a class=\"uagb-buttons-repeater wp-block-button__link\" aria-label=\"\" href=\"https:\/\/www.vzwkaos.be\/en\" rel=\"follow noopener\" target=\"_blank\" role=\"button\"><div class=\"uagb-button__link\">Haz clic aqu\u00ed<\/div><\/a><\/div><\/div>\n<\/div><\/div>\n<\/div>\n\n\n\n<div class=\"wp-block-column is-layout-flow wp-block-column-is-layout-flow\" style=\"flex-basis:35%\"><\/div>\n<\/div>\n<\/div>\n<\/div>\n\n<div class=\"wp-block-group has-contrast-color has-ast-global-color-8-background-color has-text-color has-background is-vertical is-content-justification-center is-layout-flex wp-container-core-group-is-layout-899e02b1 wp-block-group-is-layout-flex\" style=\"min-height:40%;margin-top:0;margin-bottom:0;padding-top:var(--wp--preset--spacing--40);padding-right:var(--wp--preset--spacing--80);padding-bottom:var(--wp--preset--spacing--40);padding-left:var(--wp--preset--spacing--80)\"><div style=\"margin-bottom:6px;\" class=\"aligncenter is-style-default wp-block-site-logo\"><a href=\"http:\/\/www.wearemuse.eu\/es\/\" class=\"custom-logo-link\" rel=\"home\"><img decoding=\"async\" src=\"http:\/\/www.wearemuse.eu\/wp-content\/uploads\/2026\/04\/LOGO-MUSE-PRIMARY-MENU-81cc21.svg\" class=\"custom-logo astra-logo-svg\" alt=\"wearemuse\" srcset=\"http:\/\/www.wearemuse.eu\/wp-content\/uploads\/2026\/04\/LOGO-MUSE-PRIMARY-MENU-81cc21.svg 1x, http:\/\/www.wearemuse.eu\/wp-content\/uploads\/2026\/04\/LOGO-MUSE-PRIMARY-MENU-81cc21.svg 2x\" \/><\/a><\/div>\n\n\n<p class=\"has-text-align-center has-ast-global-color-7-color has-text-color has-link-color has-medium-font-size wp-elements-41b28d631a7d63cbacf01de901fcc590\">Hecho por el equipo del proyecto <a href=\"https:\/\/www.wearemuse.eu\/\">Muse <\/a>con \u2665\ufe0f<\/p>\n\n\n\n<ul class=\"wp-block-social-links has-normal-icon-size has-icon-color is-style-logos-only is-nowrap is-layout-flex wp-container-core-social-links-is-layout-65900438 wp-block-social-links-is-layout-flex\">\n\n<\/ul>\n<\/div>\n\n<div class=\"wp-block-uagb-container uagb-block-66e7bf28 alignfull uagb-is-root-container\"><div class=\"uagb-container-inner-blocks-wrap\">\n<div class=\"wp-block-columns alignfull is-layout-flex wp-container-core-columns-is-layout-28f84493 wp-block-columns-is-layout-flex\">\n<div class=\"wp-block-column is-layout-flow wp-block-column-is-layout-flow\">\n<div class=\"wp-block-uagb-image aligncenter uagb-block-277c35de wp-block-uagb-image--layout-default wp-block-uagb-image--effect-static wp-block-uagb-image--align-center\"><figure class=\"wp-block-uagb-image__figure\"><img decoding=\"async\" srcset=\"http:\/\/www.wearemuse.eu\/wp-content\/uploads\/2025\/08\/cenefa-1-1024x160.png ,http:\/\/www.wearemuse.eu\/wp-content\/uploads\/2025\/08\/cenefa-1.png 780w, http:\/\/www.wearemuse.eu\/wp-content\/uploads\/2025\/08\/cenefa-1.png 360w\" sizes=\"auto, (max-width: 480px) 150px\" src=\"http:\/\/www.wearemuse.eu\/wp-content\/uploads\/2025\/08\/cenefa-1-1024x160.png\" alt=\"\" class=\"uag-image-551\" width=\"1024\" height=\"160\" title=\"cenefa\" loading=\"lazy\" role=\"img\"><\/figure><\/div>\n<\/div>\n\n\n\n<div class=\"wp-block-column is-vertically-aligned-center is-layout-flow wp-block-column-is-layout-flow\">\n<p class=\"has-text-align-center has-ast-global-color-6-color has-text-color has-link-color wp-elements-d860c474a2af266cdae39c6b8bc853a7\"><a href=\"https:\/\/www.wearemuse.eu\/es\/aviso-legal\/\"><strong>Legal notice<\/strong><\/a> | <strong><a href=\"https:\/\/www.wearemuse.eu\/es\/politica-de-privacidad\/\">Privacy Policy<\/a><\/strong>|<a href=\"https:\/\/www.wearemuse.eu\/es\/politica-de-cookies-ue\/\" data-type=\"page\" data-id=\"345\"><strong>Cookies Policy<\/strong><\/a><\/p>\n<\/div>\n\n\n\n<div class=\"wp-block-column is-layout-flow wp-block-column-is-layout-flow\">\n<div class=\"wp-block-uagb-image aligncenter uagb-block-99518519 wp-block-uagb-image--layout-default wp-block-uagb-image--effect-static wp-block-uagb-image--align-center\"><figure class=\"wp-block-uagb-image__figure\"><img decoding=\"async\" srcset=\"http:\/\/www.wearemuse.eu\/wp-content\/uploads\/2025\/08\/cenefa-1-1024x160.png ,http:\/\/www.wearemuse.eu\/wp-content\/uploads\/2025\/08\/cenefa-1.png 780w, http:\/\/www.wearemuse.eu\/wp-content\/uploads\/2025\/08\/cenefa-1.png 360w\" sizes=\"auto, (max-width: 480px) 150px\" src=\"http:\/\/www.wearemuse.eu\/wp-content\/uploads\/2025\/08\/cenefa-1-1024x160.png\" alt=\"\" class=\"uag-image-551\" width=\"1024\" height=\"160\" title=\"cenefa\" loading=\"lazy\" role=\"img\"><\/figure><\/div>\n<\/div>\n<\/div>\n<\/div><\/div>\n","protected":false},"excerpt":{"rendered":"<p>B\u00c9LGICA KAOS promueve el talento creativo de personas con o sin vulnerabilidad mental mediante exposiciones, performances y di\u00e1logos p\u00fablicos. Como [&hellip;]<\/p>\n","protected":false},"author":1,"featured_media":0,"parent":0,"menu_order":0,"comment_status":"closed","ping_status":"closed","template":"","meta":{"_coblocks_attr":"","_coblocks_dimensions":"","_coblocks_responsive_height":"","_coblocks_accordion_ie_support":"","_uag_custom_page_level_css":"","site-sidebar-layout":"default","site-content-layout":"","ast-site-content-layout":"default","site-content-style":"default","site-sidebar-style":"default","ast-global-header-display":"","ast-banner-title-visibility":"","ast-main-header-display":"","ast-hfb-above-header-display":"","ast-hfb-below-header-display":"","ast-hfb-mobile-header-display":"","site-post-title":"disabled","ast-breadcrumbs-content":"","ast-featured-img":"","footer-sml-layout":"","theme-transparent-header-meta":"","adv-header-id-meta":"","stick-header-meta":"","header-above-stick-meta":"","header-main-stick-meta":"","header-below-stick-meta":"","astra-migrate-meta-layouts":"default","ast-page-background-enabled":"default","ast-page-background-meta":{"desktop":{"background-color":"var(--ast-global-color-5)","background-image":"","background-repeat":"repeat","background-position":"center center","background-size":"auto","background-attachment":"scroll","background-type":"","background-media":"","overlay-type":"","overlay-color":"","overlay-opacity":"","overlay-gradient":""},"tablet":{"background-color":"","background-image":"","background-repeat":"repeat","background-position":"center center","background-size":"auto","background-attachment":"scroll","background-type":"","background-media":"","overlay-type":"","overlay-color":"","overlay-opacity":"","overlay-gradient":""},"mobile":{"background-color":"","background-image":"","background-repeat":"repeat","background-position":"center center","background-size":"auto","background-attachment":"scroll","background-type":"","background-media":"","overlay-type":"","overlay-color":"","overlay-opacity":"","overlay-gradient":""}},"ast-content-background-meta":{"desktop":{"background-color":"var(--ast-global-color-4)","background-image":"","background-repeat":"repeat","background-position":"center center","background-size":"auto","background-attachment":"scroll","background-type":"","background-media":"","overlay-type":"","overlay-color":"","overlay-opacity":"","overlay-gradient":""},"tablet":{"background-color":"var(--ast-global-color-4)","background-image":"","background-repeat":"repeat","background-position":"center center","background-size":"auto","background-attachment":"scroll","background-type":"","background-media":"","overlay-type":"","overlay-color":"","overlay-opacity":"","overlay-gradient":""},"mobile":{"background-color":"var(--ast-global-color-4)","background-image":"","background-repeat":"repeat","background-position":"center center","background-size":"auto","background-attachment":"scroll","background-type":"","background-media":"","overlay-type":"","overlay-color":"","overlay-opacity":"","overlay-gradient":""}},"_themeisle_gutenberg_block_has_review":false,"_vp_format_video_url":"","_vp_image_focal_point":[],"footnotes":""},"class_list":["post-1022","page","type-page","status-publish","hentry"],"uagb_featured_image_src":{"full":false,"thumbnail":false,"medium":false,"medium_large":false,"large":false,"1536x1536":false,"2048x2048":false,"vp_sm":false,"vp_md":false,"vp_lg":false,"vp_xl":false,"vp_sm_popup":false,"vp_md_popup":false,"vp_xl_popup":false,"mailpoet_newsletter_max":false,"woocommerce_thumbnail":false,"woocommerce_single":false,"woocommerce_gallery_thumbnail":false},"uagb_author_info":{"display_name":"adminJULIACUNY","author_link":"http:\/\/www.wearemuse.eu\/es\/author\/adminjuliacuny\/"},"uagb_comment_info":0,"uagb_excerpt":"B\u00c9LGICA KAOS promueve el talento creativo de personas con o sin vulnerabilidad mental mediante exposiciones, performances y di\u00e1logos p\u00fablicos. Como [&hellip;]","_links":{"self":[{"href":"http:\/\/www.wearemuse.eu\/es\/wp-json\/wp\/v2\/pages\/1022","targetHints":{"allow":["GET"]}}],"collection":[{"href":"http:\/\/www.wearemuse.eu\/es\/wp-json\/wp\/v2\/pages"}],"about":[{"href":"http:\/\/www.wearemuse.eu\/es\/wp-json\/wp\/v2\/types\/page"}],"author":[{"embeddable":true,"href":"http:\/\/www.wearemuse.eu\/es\/wp-json\/wp\/v2\/users\/1"}],"replies":[{"embeddable":true,"href":"http:\/\/www.wearemuse.eu\/es\/wp-json\/wp\/v2\/comments?post=1022"}],"version-history":[{"count":3,"href":"http:\/\/www.wearemuse.eu\/es\/wp-json\/wp\/v2\/pages\/1022\/revisions"}],"predecessor-version":[{"id":1091,"href":"http:\/\/www.wearemuse.eu\/es\/wp-json\/wp\/v2\/pages\/1022\/revisions\/1091"}],"wp:attachment":[{"href":"http:\/\/www.wearemuse.eu\/es\/wp-json\/wp\/v2\/media?parent=1022"}],"curies":[{"name":"wp","href":"https:\/\/api.w.org\/{rel}","templated":true}]}}