{"id":1591,"date":"2025-08-21T11:28:14","date_gmt":"2025-08-21T09:28:14","guid":{"rendered":"http:\/\/www.wearemuse.eu\/politica-de-privacidad\/"},"modified":"2025-09-05T13:31:31","modified_gmt":"2025-09-05T11:31:31","slug":"politica-de-privacidad","status":"publish","type":"page","link":"http:\/\/www.wearemuse.eu\/es\/politica-de-privacidad\/","title":{"rendered":"Pol\u00edtica de privacidad"},"content":{"rendered":"\n<div style=\"height:200px\" aria-hidden=\"true\" class=\"wp-block-spacer\"><\/div>\n\n<div class=\"wp-block-uagb-container uagb-block-1ff241da alignfull uagb-is-root-container\"><div class=\"uagb-container-inner-blocks-wrap\">\n<div class=\"wp-block-columns is-layout-flex wp-container-core-columns-is-layout-28f84493 wp-block-columns-is-layout-flex\">\n<div class=\"wp-block-column is-layout-flow wp-block-column-is-layout-flow\" style=\"flex-basis:33.33%\">\n<div class=\"wp-block-uagb-image uagb-block-e320bca3 wp-block-uagb-image--layout-default wp-block-uagb-image--effect-static wp-block-uagb-image--align-none\"><figure class=\"wp-block-uagb-image__figure\"><img decoding=\"async\" srcset=\"http:\/\/www.wearemuse.eu\/wp-content\/uploads\/2025\/08\/MUSE-LOGO-1-11ee42.svg ,http:\/\/www.wearemuse.eu\/wp-content\/uploads\/2025\/08\/MUSE-LOGO-1-11ee42.svg 780w, http:\/\/www.wearemuse.eu\/wp-content\/uploads\/2025\/08\/MUSE-LOGO-1-11ee42.svg 360w\" sizes=\"auto, (max-width: 480px) 150px\" src=\"http:\/\/www.wearemuse.eu\/wp-content\/uploads\/2025\/08\/MUSE-LOGO-1-11ee42.svg\" alt=\"\" class=\"uag-image-147\" width=\"512\" height=\"508\" title=\"MUSE LOGO 1-11ee42\" loading=\"lazy\" role=\"img\"><\/figure><\/div>\n<\/div>\n\n\n\n<div class=\"wp-block-column is-vertically-aligned-top is-layout-flow wp-container-core-column-is-layout-296950c0 wp-block-column-is-layout-flow\" style=\"padding-right:var(--wp--preset--spacing--50);padding-left:var(--wp--preset--spacing--50);flex-basis:60%\">\n<h1 class=\"wp-block-heading has-ast-global-color-6-color has-text-color has-link-color wp-elements-e0c3e219eeeecb7931dd0eb2fc504bb0\">Pol\u00edtica de privacidad \u2013 wearemuse.eu<\/h1>\n\n\n\n<p><strong>Fecha efectiva<\/strong>: 10 de Septiembre de 2025<\/p>\n\n\n\n<h2 class=\"wp-block-heading has-ast-global-color-6-color has-text-color has-link-color wp-elements-e716ace4d3a475dd4bcfd22e8716eb06\">1. Introducci\u00f3n<\/h2>\n\n\n\n<p>Esta pol\u00edtica de privacidad describe c\u00f3mo procesamos y protegemos sus datos personales cuando utiliza el sitio web <strong><a href=\"https:\/\/www.wearemuse.eu\/\">www.wearemuse.eu<\/a><\/strong>, de acuerdo con el <strong>Reglamento General de Protecci\u00f3n de Datos (GDPR)<\/strong> y otras leyes de protecci\u00f3n de datos de la UE aplicables.<\/p>\n\n\n\n<p><strong><strong><a href=\"https:\/\/www.wearemuse.eu\/\">www.wearemuse.eu<\/a><\/strong><\/strong>es el sitio web oficial del <strong>Proyecto MUSE<\/strong>, financiado por<strong> Europa Creativa<\/strong> y coordinado por:<\/p>\n\n\n\n<p><strong>Fundaci\u00f3n INTRAS<\/strong><br\/>C\/ Mart\u00edn Santos Romero, 1 \u2013 47016 Valladolid (Espa\u00f1a)<br\/>Email: <a>intras@intras.es<\/a><br\/>Delegado de Protecci\u00f3n de Datos: <a>dpo@intras.es<\/a><\/p>\n\n\n\n<hr class=\"wp-block-separator has-alpha-channel-opacity\"\/>\n\n\n\n<h2 class=\"wp-block-heading has-ast-global-color-6-color has-text-color has-link-color wp-elements-aa2c02de04f11a87a79b55e8b4304c19\">2. Qu\u00e9 datos personales recopilamos<\/h2>\n\n\n\n<p>Podemos recopilar y procesar los siguientes datos personales:<\/p>\n\n\n\n<ul class=\"wp-block-list\">\n<li>Datos identificativos: nombre, apellidos, direcci\u00f3n de correo electr\u00f3nico (cuando se env\u00eden voluntariamente a trav\u00e9s del formulario de contacto)<\/li>\n\n\n\n<li>Datos de comunicaci\u00f3n: mensajes o solicitudes enviadas a trav\u00e9s del sitio web<\/li>\n\n\n\n<li>Datos t\u00e9cnicos: direcci\u00f3n IP, tipo de navegador y datos anal\u00edticos (si se aceptan cookies)<\/li>\n<\/ul>\n\n\n\n<p><strong>No<\/strong> recopilamos categor\u00edas especiales de datos (por ejemplo, salud, creencias pol\u00edticas, etc.).<\/p>\n\n\n\n<hr class=\"wp-block-separator has-alpha-channel-opacity\"\/>\n\n\n\n<h2 class=\"wp-block-heading has-ast-global-color-6-color has-text-color has-link-color wp-elements-69aa09d470cad12da99f5053d726a305\">3. Finalidad del Tratamiento de Datos<\/h2>\n\n\n\n<p>Procesamos sus datos personales para los siguientes fines:<\/p>\n\n\n\n<ul class=\"wp-block-list\">\n<li>Para responder a sus solicitudes de contacto<\/li>\n\n\n\n<li>Para gestionar su participaci\u00f3n en actividades relacionadas con MUSE (si corresponde)<\/li>\n\n\n\n<li>Para analizar el tr\u00e1fico del sitio web y mejorar la experiencia del usuario (solo si se aceptan cookies)<\/li>\n\n\n\n<li>Para cumplir con las obligaciones de transparencia de los proyectos financiados por la UE<\/li>\n<\/ul>\n\n\n\n<p>No utilizamos sus datos con fines comerciales ni le enviamos newsletters a menos que usted se suscriba expl\u00edcitamente.<\/p>\n\n\n\n<hr class=\"wp-block-separator has-alpha-channel-opacity\"\/>\n\n\n\n<h2 class=\"wp-block-heading has-black-color has-text-color has-link-color wp-elements-78de7586fdda627b8521e0a34d0309b8\">4. Bases Legales<\/h2>\n\n\n\n<p>The legal bases for processing your data are:<\/p>\n\n\n\n<ul class=\"wp-block-list\">\n<li><strong>Consentimiento<\/strong> (Art. 6.1.a RGPD): cuando usted facilita voluntariamente sus datos a trav\u00e9s del formulario de contacto o acepta las cookies<\/li>\n\n\n\n<li><strong>Inter\u00e9s p\u00fablico\/misi\u00f3n<\/strong> (art. 6.1.e RGPD): cuando el tratamiento de datos sea necesario para la ejecuci\u00f3n y comunicaci\u00f3n del proyecto MUSE financiado por la UE<\/li>\n\n\n\n<li><strong>Obligaciones legales<\/strong>: si as\u00ed lo exige la normativa de auditor\u00eda de la UE<\/li>\n<\/ul>\n\n\n\n<hr class=\"wp-block-separator has-alpha-channel-opacity\"\/>\n\n\n\n<h2 class=\"wp-block-heading has-ast-global-color-6-color has-text-color has-link-color wp-elements-81b0dabb876c8b8b5320728b2e0efb7c\">5. Retenci\u00f3n de datos<\/h2>\n\n\n\n<p>Conservamos datos personales s\u00f3lo el tiempo necesario para cumplir los fines para los que fueron recopilados.<\/p>\n\n\n\n<p>De conformidad con las normas de financiaci\u00f3n de la UE (por ejemplo, Horizon, Interreg), los datos pueden conservarse hasta <strong>cinco a\u00f1os despu\u00e9s del cierre del proyecto<\/strong>, con fines de auditor\u00eda y verificaci\u00f3n.<\/p>\n\n\n\n<hr class=\"wp-block-separator has-alpha-channel-opacity\"\/>\n\n\n\n<h2 class=\"wp-block-heading has-ast-global-color-6-color has-text-color has-link-color wp-elements-e5c9bcd2d3ae01252a3601e298265603\">6. Destinatarios de los datos<\/h2>\n\n\n\n<p>Tus datos <strong>no<\/strong> se compartir\u00e1n con terceros con fines comerciales.<br\/>Podr\u00e1n compartirse con:<\/p>\n\n\n\n<ul class=\"wp-block-list\">\n<li>Socios del proyecto MUSE (solo si es necesario y bajo acuerdos de responsabilidad conjunta)<\/li>\n\n\n\n<li>Instituciones p\u00fablicas o servicios de la Comisi\u00f3n Europea (si es necesario)<\/li>\n\n\n\n<li>Proveedores de servicios tecnol\u00f3gicos (como alojamiento de sitios web o servidores de correo electr\u00f3nico) que act\u00faan como <strong>procesadores de datos<\/strong> de conformidad con el art\u00edculo 28 del RGPD, con contratos firmados que garantizan el cumplimiento<\/li>\n<\/ul>\n\n\n\n<hr class=\"wp-block-separator has-alpha-channel-opacity\"\/>\n\n\n\n<h2 class=\"wp-block-heading has-ast-global-color-6-color has-text-color has-link-color wp-elements-a58858e9d393d55f07ca92eb91f2bcde\">7. Transferencias internacionales de datos<\/h2>\n\n\n\n<p>No se prev\u00e9n transferencias internacionales de datos. Si utilizamos servicios o herramientas ubicados fuera del <strong>Espacio Econ\u00f3mico Europeo (EEE<\/strong>), se aplicar\u00e1n las medidas de seguridad adecuadas (por ejemplo, las cl\u00e1usulas contractuales tipo aprobadas por la Comisi\u00f3n Europea).<\/p>\n\n\n\n<hr class=\"wp-block-separator has-alpha-channel-opacity\"\/>\n\n\n\n<h2 class=\"wp-block-heading has-ast-global-color-6-color has-text-color has-link-color wp-elements-e4eb39797d80895e241ad544021a3eb7\">8. Derechos del titular de los datos<\/h2>\n\n\n\n<p>Usted tiene derecho a:<\/p>\n\n\n\n<ul class=\"wp-block-list\">\n<li>Acceda a sus datos personales<\/li>\n\n\n\n<li>Solicitar la rectificaci\u00f3n de datos inexactos<\/li>\n\n\n\n<li>Solicitar la supresi\u00f3n de tus datos cuando ya no sean necesarios<\/li>\n\n\n\n<li>Oponerse o restringir el procesamiento en ciertos casos<\/li>\n\n\n\n<li>Solicitar la portabilidad de datos (en los casos que corresponda)<\/li>\n\n\n\n<li>Retirar su consentimiento en cualquier momento<\/li>\n<\/ul>\n\n\n\n<p>Para ejercer cualquiera de estos derechos, contacte con: <strong><a>dpo@intras.es<\/a><\/strong><br\/>Tambi\u00e9n tiene derecho a presentar una reclamaci\u00f3n ante la <strong>Agencia Espa\u00f1ola de Protecci\u00f3n de Datos (AEPD<\/strong>): <a class=\"\" href=\"http:\/\/www.aepd.es\/\">www.aepd.es<\/a><\/p>\n\n\n\n<hr class=\"wp-block-separator has-alpha-channel-opacity\"\/>\n\n\n\n<h2 class=\"wp-block-heading has-ast-global-color-6-color has-text-color has-link-color wp-elements-47bec089f5ec85e67fd8e3155b198f2d\">9. Seguridad de los datos<\/h2>\n\n\n\n<p>Aplicamos medidas t\u00e9cnicas y organizativas para proteger sus datos, incluyendo:<\/p>\n\n\n\n<ul class=\"wp-block-list\">\n<li>Cifrado SSL (HTTPS)<\/li>\n\n\n\n<li>Alojamiento seguro dentro de la UE<\/li>\n\n\n\n<li>Acceso limitado a los datos \u00fanicamente por parte del personal autorizado<\/li>\n\n\n\n<li>Copias de seguridad y monitorizaci\u00f3n peri\u00f3dicas<\/li>\n<\/ul>\n\n\n\n<hr class=\"wp-block-separator has-alpha-channel-opacity\"\/>\n\n\n\n<h2 class=\"wp-block-heading has-ast-global-color-6-color has-text-color has-link-color wp-elements-d067e2a7af18038cd3f1cc719986e0e5\">10. Cookies<\/h2>\n\n\n\n<p>Este sitio web utiliza cookies con fines estad\u00edsticos y para mejorar su experiencia.<\/p>\n\n\n\n<p>Las cookies no esenciales solo se activar\u00e1n si usted da su <strong>consentimiento expl\u00edcito<\/strong> a trav\u00e9s de nuestro banner de cookies. Puede configurar sus preferencias o revocar su consentimiento en cualquier momento. Para m\u00e1s informaci\u00f3n, consulte nuestra <a href=\"http:\/\/www.wearemuse.eu\/es\/politica-de-cookies-ue\/\">Pol\u00edtica de Cookies<\/a>.  <\/p>\n\n\n\n<hr class=\"wp-block-separator has-alpha-channel-opacity\"\/>\n\n\n\n<h2 class=\"wp-block-heading has-ast-global-color-6-color has-text-color has-link-color wp-elements-9648f5e2af51866e2483522bb7ca2af5\">11. Cambios a esta Pol\u00edtica<\/h2>\n\n\n\n<p>Podemos actualizar esta pol\u00edtica en respuesta a cambios legales o funcionales. La \u00faltima versi\u00f3n siempre estar\u00e1 disponible en esta p\u00e1gina. <\/p>\n\n\n\n<hr class=\"wp-block-separator has-alpha-channel-opacity\"\/>\n\n\n\n<h2 class=\"wp-block-heading has-ast-global-color-6-color has-text-color has-link-color wp-elements-60998c6ebb104c649cdc5bbd17c70e11\">12. Contacto<\/h2>\n\n\n\n<p>Para cualquier pregunta sobre esta Pol\u00edtica de Privacidad o el uso de sus datos:<\/p>\n\n\n\n<p><strong>Fundaci\u00f3n INTRAS<\/strong><br\/>Correo electr\u00f3nico: <a>dpo@intras.es<\/a><br\/>Direcci\u00f3n: C\/ Mart\u00edn Santos Romero, 1 \u2013 47016 Valladolid (Espa\u00f1a)<\/p>\n<\/div>\n<\/div>\n<\/div><\/div>\n\n<div class=\"wp-block-group has-contrast-color has-ast-global-color-8-background-color has-text-color has-background is-nowrap is-layout-flex wp-container-core-group-is-layout-7a3fc07c wp-block-group-is-layout-flex\" style=\"min-height:40%;margin-top:0;margin-bottom:0;padding-top:var(--wp--preset--spacing--40);padding-right:var(--wp--preset--spacing--80);padding-bottom:var(--wp--preset--spacing--40);padding-left:var(--wp--preset--spacing--80)\">\n<div class=\"wp-block-columns is-layout-flex wp-container-core-columns-is-layout-28f84493 wp-block-columns-is-layout-flex\">\n<div class=\"wp-block-column is-vertically-aligned-center is-layout-flow wp-block-column-is-layout-flow\" style=\"flex-basis:50%\"><div style=\"margin-bottom:6px;\" class=\"alignleft is-style-default wp-block-site-logo\"><a href=\"http:\/\/www.wearemuse.eu\/es\/\" class=\"custom-logo-link\" rel=\"home\"><img decoding=\"async\" src=\"http:\/\/www.wearemuse.eu\/wp-content\/uploads\/2026\/04\/LOGO-MUSE-PRIMARY-MENU-81cc21.svg\" class=\"custom-logo astra-logo-svg\" alt=\"wearemuse\" srcset=\"http:\/\/www.wearemuse.eu\/wp-content\/uploads\/2026\/04\/LOGO-MUSE-PRIMARY-MENU-81cc21.svg 1x, http:\/\/www.wearemuse.eu\/wp-content\/uploads\/2026\/04\/LOGO-MUSE-PRIMARY-MENU-81cc21.svg 2x\" \/><\/a><\/div>\n\n\n<div class=\"wp-block-uagb-container uagb-block-9d4e5a39 alignfull uagb-is-root-container\"><div class=\"uagb-container-inner-blocks-wrap\">\n<hr class=\"wp-block-separator alignfull has-text-color has-ast-global-color-0-color has-alpha-channel-opacity has-ast-global-color-0-background-color has-background\"\/>\n<\/div><\/div>\n\n\n\n<div class=\"wp-block-group is-nowrap is-layout-flex wp-container-core-group-is-layout-6c531013 wp-block-group-is-layout-flex\">\n<div class=\"wp-block-uagb-container uagb-block-6cd7650f alignfull uagb-is-root-container\"><div class=\"uagb-container-inner-blocks-wrap\">\n<p class=\"has-text-align-left has-ast-global-color-7-color has-text-color has-link-color has-medium-font-size wp-elements-829b745b4fbfc4631ad22b8378b1b919\">Hecho por el equipo del proyecto <a href=\"https:\/\/www.wearemuse.eu\/\">Muse <\/a>con \u2665\ufe0f<\/p>\n<\/div><\/div>\n<\/div>\n\n\n\n<ul class=\"wp-block-social-links alignleft has-normal-icon-size has-icon-color is-style-logos-only is-nowrap is-layout-flex wp-container-core-social-links-is-layout-65900438 wp-block-social-links-is-layout-flex\"><li style=\"color: var(--ast-global-color-4); \" class=\"wp-social-link wp-social-link-instagram has-ast-global-color-4-color wp-block-social-link\"><a href=\"https:\/\/www.instagram.com\/wearemuse.eu\/\" class=\"wp-block-social-link-anchor\"><svg width=\"24\" height=\"24\" viewBox=\"0 0 24 24\" version=\"1.1\" xmlns=\"http:\/\/www.w3.org\/2000\/svg\" aria-hidden=\"true\" focusable=\"false\"><path d=\"M12,4.622c2.403,0,2.688,0.009,3.637,0.052c0.877,0.04,1.354,0.187,1.671,0.31c0.42,0.163,0.72,0.358,1.035,0.673 c0.315,0.315,0.51,0.615,0.673,1.035c0.123,0.317,0.27,0.794,0.31,1.671c0.043,0.949,0.052,1.234,0.052,3.637 s-0.009,2.688-0.052,3.637c-0.04,0.877-0.187,1.354-0.31,1.671c-0.163,0.42-0.358,0.72-0.673,1.035 c-0.315,0.315-0.615,0.51-1.035,0.673c-0.317,0.123-0.794,0.27-1.671,0.31c-0.949,0.043-1.233,0.052-3.637,0.052 s-2.688-0.009-3.637-0.052c-0.877-0.04-1.354-0.187-1.671-0.31c-0.42-0.163-0.72-0.358-1.035-0.673 c-0.315-0.315-0.51-0.615-0.673-1.035c-0.123-0.317-0.27-0.794-0.31-1.671C4.631,14.688,4.622,14.403,4.622,12 s0.009-2.688,0.052-3.637c0.04-0.877,0.187-1.354,0.31-1.671c0.163-0.42,0.358-0.72,0.673-1.035 c0.315-0.315,0.615-0.51,1.035-0.673c0.317-0.123,0.794-0.27,1.671-0.31C9.312,4.631,9.597,4.622,12,4.622 M12,3 C9.556,3,9.249,3.01,8.289,3.054C7.331,3.098,6.677,3.25,6.105,3.472C5.513,3.702,5.011,4.01,4.511,4.511 c-0.5,0.5-0.808,1.002-1.038,1.594C3.25,6.677,3.098,7.331,3.054,8.289C3.01,9.249,3,9.556,3,12c0,2.444,0.01,2.751,0.054,3.711 c0.044,0.958,0.196,1.612,0.418,2.185c0.23,0.592,0.538,1.094,1.038,1.594c0.5,0.5,1.002,0.808,1.594,1.038 c0.572,0.222,1.227,0.375,2.185,0.418C9.249,20.99,9.556,21,12,21s2.751-0.01,3.711-0.054c0.958-0.044,1.612-0.196,2.185-0.418 c0.592-0.23,1.094-0.538,1.594-1.038c0.5-0.5,0.808-1.002,1.038-1.594c0.222-0.572,0.375-1.227,0.418-2.185 C20.99,14.751,21,14.444,21,12s-0.01-2.751-0.054-3.711c-0.044-0.958-0.196-1.612-0.418-2.185c-0.23-0.592-0.538-1.094-1.038-1.594 c-0.5-0.5-1.002-0.808-1.594-1.038c-0.572-0.222-1.227-0.375-2.185-0.418C14.751,3.01,14.444,3,12,3L12,3z M12,7.378 c-2.552,0-4.622,2.069-4.622,4.622S9.448,16.622,12,16.622s4.622-2.069,4.622-4.622S14.552,7.378,12,7.378z M12,15 c-1.657,0-3-1.343-3-3s1.343-3,3-3s3,1.343,3,3S13.657,15,12,15z M16.804,6.116c-0.596,0-1.08,0.484-1.08,1.08 s0.484,1.08,1.08,1.08c0.596,0,1.08-0.484,1.08-1.08S17.401,6.116,16.804,6.116z\"><\/path><\/svg><span class=\"wp-block-social-link-label screen-reader-text\">Instagram<\/span><\/a><\/li><\/ul>\n<\/div>\n\n\n\n<div class=\"wp-block-column is-vertically-aligned-center is-layout-flow wp-block-column-is-layout-flow\" style=\"flex-basis:50%\">\n<div class=\"wp-block-group alignfull is-content-justification-left is-nowrap is-layout-flex wp-container-core-group-is-layout-fc9f69e7 wp-block-group-is-layout-flex\">\n<div class=\"wp-block-uagb-image alignwide uagb-block-44aea7a1 wp-block-uagb-image--layout-default wp-block-uagb-image--effect-static wp-block-uagb-image--align-wide\"><figure class=\"wp-block-uagb-image__figure\"><img decoding=\"async\" srcset=\"http:\/\/www.wearemuse.eu\/wp-content\/uploads\/2025\/09\/LOGO-CE_EN_RGB_HORIZONTAL_ALT_White-1024x368.png ,http:\/\/www.wearemuse.eu\/wp-content\/uploads\/2025\/09\/LOGO-CE_EN_RGB_HORIZONTAL_ALT_White.png 780w, http:\/\/www.wearemuse.eu\/wp-content\/uploads\/2025\/09\/LOGO-CE_EN_RGB_HORIZONTAL_ALT_White.png 360w\" sizes=\"auto, (max-width: 480px) 150px\" src=\"http:\/\/www.wearemuse.eu\/wp-content\/uploads\/2025\/09\/LOGO-CE_EN_RGB_HORIZONTAL_ALT_White-1024x368.png\" alt=\"\" class=\"uag-image-657\" width=\"1024\" height=\"368\" title=\"LOGO CE_EN_RGB_HORIZONTAL_ALT_White\" loading=\"lazy\" role=\"img\"><\/figure><\/div>\n\n\n\n<p class=\"has-ast-global-color-4-color has-text-color has-link-color wp-elements-52e32a8a3bc437ca92c69684c396fa06\">Con el apoyo del Programa Europa Creativa de la Uni\u00f3n Europea<\/p>\n<\/div>\n<\/div>\n<\/div>\n<\/div>\n\n<div class=\"wp-block-uagb-container uagb-block-66e7bf28 alignfull uagb-is-root-container\"><div class=\"uagb-container-inner-blocks-wrap\">\n<div class=\"wp-block-columns alignfull is-layout-flex wp-container-core-columns-is-layout-28f84493 wp-block-columns-is-layout-flex\">\n<div class=\"wp-block-column is-layout-flow wp-block-column-is-layout-flow\">\n<div class=\"wp-block-uagb-image aligncenter uagb-block-277c35de wp-block-uagb-image--layout-default wp-block-uagb-image--effect-static wp-block-uagb-image--align-center\"><figure class=\"wp-block-uagb-image__figure\"><img decoding=\"async\" srcset=\"http:\/\/www.wearemuse.eu\/wp-content\/uploads\/2025\/08\/cenefa-1-1024x160.png ,http:\/\/www.wearemuse.eu\/wp-content\/uploads\/2025\/08\/cenefa-1.png 780w, http:\/\/www.wearemuse.eu\/wp-content\/uploads\/2025\/08\/cenefa-1.png 360w\" sizes=\"auto, (max-width: 480px) 150px\" src=\"http:\/\/www.wearemuse.eu\/wp-content\/uploads\/2025\/08\/cenefa-1-1024x160.png\" alt=\"\" class=\"uag-image-551\" width=\"1024\" height=\"160\" title=\"cenefa\" loading=\"lazy\" role=\"img\"><\/figure><\/div>\n<\/div>\n\n\n\n<div class=\"wp-block-column is-vertically-aligned-center is-layout-flow wp-block-column-is-layout-flow\">\n<p class=\"has-text-align-center has-ast-global-color-6-color has-text-color has-link-color wp-elements-d860c474a2af266cdae39c6b8bc853a7\"><a href=\"https:\/\/www.wearemuse.eu\/es\/aviso-legal\/\"><strong>Legal notice<\/strong><\/a> | <strong><a href=\"https:\/\/www.wearemuse.eu\/es\/politica-de-privacidad\/\">Privacy Policy<\/a><\/strong>|<a href=\"https:\/\/www.wearemuse.eu\/es\/politica-de-cookies-ue\/\" data-type=\"page\" data-id=\"345\"><strong>Cookies Policy<\/strong><\/a><\/p>\n<\/div>\n\n\n\n<div class=\"wp-block-column is-layout-flow wp-block-column-is-layout-flow\">\n<div class=\"wp-block-uagb-image aligncenter uagb-block-99518519 wp-block-uagb-image--layout-default wp-block-uagb-image--effect-static wp-block-uagb-image--align-center\"><figure class=\"wp-block-uagb-image__figure\"><img decoding=\"async\" srcset=\"http:\/\/www.wearemuse.eu\/wp-content\/uploads\/2025\/08\/cenefa-1-1024x160.png ,http:\/\/www.wearemuse.eu\/wp-content\/uploads\/2025\/08\/cenefa-1.png 780w, http:\/\/www.wearemuse.eu\/wp-content\/uploads\/2025\/08\/cenefa-1.png 360w\" sizes=\"auto, (max-width: 480px) 150px\" src=\"http:\/\/www.wearemuse.eu\/wp-content\/uploads\/2025\/08\/cenefa-1-1024x160.png\" alt=\"\" class=\"uag-image-551\" width=\"1024\" height=\"160\" title=\"cenefa\" loading=\"lazy\" role=\"img\"><\/figure><\/div>\n<\/div>\n<\/div>\n<\/div><\/div>\n","protected":false},"excerpt":{"rendered":"<p>Pol\u00edtica de privacidad \u2013 wearemuse.eu Fecha efectiva: 10 de Septiembre de 2025 1. Introducci\u00f3n Esta pol\u00edtica de privacidad describe c\u00f3mo [&hellip;]<\/p>\n","protected":false},"author":1,"featured_media":0,"parent":0,"menu_order":0,"comment_status":"closed","ping_status":"open","template":"","meta":{"_coblocks_attr":"","_coblocks_dimensions":"","_coblocks_responsive_height":"","_coblocks_accordion_ie_support":"","_uag_custom_page_level_css":"","site-sidebar-layout":"default","site-content-layout":"","ast-site-content-layout":"default","site-content-style":"default","site-sidebar-style":"default","ast-global-header-display":"","ast-banner-title-visibility":"","ast-main-header-display":"","ast-hfb-above-header-display":"","ast-hfb-below-header-display":"","ast-hfb-mobile-header-display":"","site-post-title":"disabled","ast-breadcrumbs-content":"","ast-featured-img":"","footer-sml-layout":"","theme-transparent-header-meta":"","adv-header-id-meta":"","stick-header-meta":"","header-above-stick-meta":"","header-main-stick-meta":"","header-below-stick-meta":"","astra-migrate-meta-layouts":"default","ast-page-background-enabled":"default","ast-page-background-meta":{"desktop":{"background-color":"var(--ast-global-color-5)","background-image":"","background-repeat":"repeat","background-position":"center center","background-size":"auto","background-attachment":"scroll","background-type":"","background-media":"","overlay-type":"","overlay-color":"","overlay-opacity":"","overlay-gradient":""},"tablet":{"background-color":"","background-image":"","background-repeat":"repeat","background-position":"center center","background-size":"auto","background-attachment":"scroll","background-type":"","background-media":"","overlay-type":"","overlay-color":"","overlay-opacity":"","overlay-gradient":""},"mobile":{"background-color":"","background-image":"","background-repeat":"repeat","background-position":"center center","background-size":"auto","background-attachment":"scroll","background-type":"","background-media":"","overlay-type":"","overlay-color":"","overlay-opacity":"","overlay-gradient":""}},"ast-content-background-meta":{"desktop":{"background-color":"var(--ast-global-color-4)","background-image":"","background-repeat":"repeat","background-position":"center center","background-size":"auto","background-attachment":"scroll","background-type":"","background-media":"","overlay-type":"","overlay-color":"","overlay-opacity":"","overlay-gradient":""},"tablet":{"background-color":"var(--ast-global-color-4)","background-image":"","background-repeat":"repeat","background-position":"center center","background-size":"auto","background-attachment":"scroll","background-type":"","background-media":"","overlay-type":"","overlay-color":"","overlay-opacity":"","overlay-gradient":""},"mobile":{"background-color":"var(--ast-global-color-4)","background-image":"","background-repeat":"repeat","background-position":"center center","background-size":"auto","background-attachment":"scroll","background-type":"","background-media":"","overlay-type":"","overlay-color":"","overlay-opacity":"","overlay-gradient":""}},"_themeisle_gutenberg_block_has_review":false,"_vp_format_video_url":"","_vp_image_focal_point":[],"footnotes":""},"class_list":["post-1591","page","type-page","status-publish","hentry"],"uagb_featured_image_src":{"full":false,"thumbnail":false,"medium":false,"medium_large":false,"large":false,"1536x1536":false,"2048x2048":false,"vp_sm":false,"vp_md":false,"vp_lg":false,"vp_xl":false,"vp_sm_popup":false,"vp_md_popup":false,"vp_xl_popup":false,"mailpoet_newsletter_max":false,"woocommerce_thumbnail":false,"woocommerce_single":false,"woocommerce_gallery_thumbnail":false},"uagb_author_info":{"display_name":"adminJULIACUNY","author_link":"http:\/\/www.wearemuse.eu\/es\/author\/adminjuliacuny\/"},"uagb_comment_info":0,"uagb_excerpt":"Pol\u00edtica de privacidad \u2013 wearemuse.eu Fecha efectiva: 10 de Septiembre de 2025 1. Introducci\u00f3n Esta pol\u00edtica de privacidad describe c\u00f3mo [&hellip;]","_links":{"self":[{"href":"http:\/\/www.wearemuse.eu\/es\/wp-json\/wp\/v2\/pages\/1591","targetHints":{"allow":["GET"]}}],"collection":[{"href":"http:\/\/www.wearemuse.eu\/es\/wp-json\/wp\/v2\/pages"}],"about":[{"href":"http:\/\/www.wearemuse.eu\/es\/wp-json\/wp\/v2\/types\/page"}],"author":[{"embeddable":true,"href":"http:\/\/www.wearemuse.eu\/es\/wp-json\/wp\/v2\/users\/1"}],"replies":[{"embeddable":true,"href":"http:\/\/www.wearemuse.eu\/es\/wp-json\/wp\/v2\/comments?post=1591"}],"version-history":[{"count":1,"href":"http:\/\/www.wearemuse.eu\/es\/wp-json\/wp\/v2\/pages\/1591\/revisions"}],"predecessor-version":[{"id":1592,"href":"http:\/\/www.wearemuse.eu\/es\/wp-json\/wp\/v2\/pages\/1591\/revisions\/1592"}],"wp:attachment":[{"href":"http:\/\/www.wearemuse.eu\/es\/wp-json\/wp\/v2\/media?parent=1591"}],"curies":[{"name":"wp","href":"https:\/\/api.w.org\/{rel}","templated":true}]}}