{"id":1026,"date":"2025-08-28T13:16:43","date_gmt":"2025-08-28T11:16:43","guid":{"rendered":"http:\/\/www.wearemuse.eu\/kaos\/"},"modified":"2025-09-03T13:45:03","modified_gmt":"2025-09-03T11:45:03","slug":"kaos","status":"publish","type":"page","link":"http:\/\/www.wearemuse.eu\/fr\/kaos\/","title":{"rendered":"Kaos"},"content":{"rendered":"\n<div class=\"wp-block-uagb-container uagb-block-ab29ed18 alignwide uagb-is-root-container\">\n<div class=\"wp-block-uagb-container uagb-block-baa9e98c alignwide uagb-is-root-container\">\n<div class=\"wp-block-columns is-layout-flex wp-container-core-columns-is-layout-28f84493 wp-block-columns-is-layout-flex\">\n<div class=\"wp-block-column is-layout-flow wp-block-column-is-layout-flow\" style=\"flex-basis:35%\"><\/div>\n\n\n\n<div class=\"wp-block-column is-layout-flow wp-block-column-is-layout-flow\">\n<div class=\"wp-block-uagb-image uagb-block-5d8a52a0 wp-block-uagb-image--layout-default wp-block-uagb-image--effect-static wp-block-uagb-image--align-none\"><figure class=\"wp-block-uagb-image__figure\"><img decoding=\"async\" srcset=\"http:\/\/www.wearemuse.eu\/wp-content\/uploads\/2025\/08\/kaos-logo-h-1024x256.png ,http:\/\/www.wearemuse.eu\/wp-content\/uploads\/2025\/08\/kaos-logo-h.png 780w, http:\/\/www.wearemuse.eu\/wp-content\/uploads\/2025\/08\/kaos-logo-h.png 360w\" sizes=\"auto, (max-width: 480px) 150px\" src=\"http:\/\/www.wearemuse.eu\/wp-content\/uploads\/2025\/08\/kaos-logo-h-1024x256.png\" alt=\"\" class=\"uag-image-546\" width=\"1024\" height=\"256\" title=\"kaos-logo-h\" loading=\"lazy\" role=\"img\"><\/figure><\/div>\n\n\n\n<p class=\"has-text-align-center has-ast-global-color-4-color has-text-color has-link-color wp-elements-354a6221c122920acf60e0e18dcfd818\"><strong>BELGIQUE<\/strong><\/p>\n\n\n\n<p class=\"has-text-align-center has-ast-global-color-4-color has-text-color has-link-color wp-elements-2e22f71b4e97adabc21a519b5471111b\">KAOS promeut les talents cr\u00e9atifs d&rsquo;individus, avec ou sans vuln\u00e9rabilit\u00e9 mentale, \u00e0 travers des expositions, des performances et des \u00e9changes publics. Experts, ils coordonnent le d\u00e9veloppement artistique de la collection capsule et accueillent l&rsquo;\u00e9v\u00e9nement de mode international final \u00e0 Bruxelles. <\/p>\n\n\n\n<div class=\"wp-block-uagb-buttons uagb-buttons__outer-wrap uagb-btn__default-btn uagb-btn-tablet__default-btn uagb-btn-mobile__default-btn uagb-block-2b0d1c58\"><div class=\"uagb-buttons__wrap uagb-buttons-layout-wrap \">\n<div class=\"wp-block-uagb-buttons-child uagb-buttons__outer-wrap uagb-block-5f279f9d wp-block-button animated fadeIn\"><div class=\"uagb-button__wrapper\"><a class=\"uagb-buttons-repeater wp-block-button__link\" aria-label=\"\" href=\"https:\/\/www.vzwkaos.be\/en\" rel=\"follow noopener\" target=\"_blank\" role=\"button\"><div class=\"uagb-button__link\">Clique ici<\/div><\/a><\/div><\/div>\n<\/div><\/div>\n<\/div>\n\n\n\n<div class=\"wp-block-column is-layout-flow wp-block-column-is-layout-flow\" style=\"flex-basis:35%\"><\/div>\n<\/div>\n<\/div>\n<\/div>\n\n<div class=\"wp-block-group has-contrast-color has-ast-global-color-8-background-color has-text-color has-background is-vertical is-content-justification-center is-layout-flex wp-container-core-group-is-layout-899e02b1 wp-block-group-is-layout-flex\" style=\"min-height:40%;margin-top:0;margin-bottom:0;padding-top:var(--wp--preset--spacing--40);padding-right:var(--wp--preset--spacing--80);padding-bottom:var(--wp--preset--spacing--40);padding-left:var(--wp--preset--spacing--80)\"><div style=\"margin-bottom:6px;\" class=\"aligncenter is-style-default wp-block-site-logo\"><a href=\"http:\/\/www.wearemuse.eu\/fr\/\" class=\"custom-logo-link\" rel=\"home\"><img decoding=\"async\" src=\"http:\/\/www.wearemuse.eu\/wp-content\/uploads\/2026\/04\/LOGO-MUSE-PRIMARY-MENU-81cc21.svg\" class=\"custom-logo astra-logo-svg\" alt=\"wearemuse\" srcset=\"http:\/\/www.wearemuse.eu\/wp-content\/uploads\/2026\/04\/LOGO-MUSE-PRIMARY-MENU-81cc21.svg 1x, http:\/\/www.wearemuse.eu\/wp-content\/uploads\/2026\/04\/LOGO-MUSE-PRIMARY-MENU-81cc21.svg 2x\" \/><\/a><\/div>\n\n\n<p class=\"has-text-align-center has-ast-global-color-7-color has-text-color has-link-color has-medium-font-size wp-elements-7e9b00ffd9ddd6d11b26a6acbd3b1cbd\">R\u00e9alis\u00e9 par l&rsquo;\u00e9quipe du projet <a href=\"https:\/\/www.wearemuse.eu\/\">Muse <\/a>avec \u2665\ufe0f<\/p>\n\n\n\n<ul class=\"wp-block-social-links has-normal-icon-size has-icon-color is-style-logos-only is-nowrap is-layout-flex wp-container-core-social-links-is-layout-65900438 wp-block-social-links-is-layout-flex\">\n\n<\/ul>\n<\/div>\n\n<div class=\"wp-block-uagb-container uagb-block-66e7bf28 alignfull uagb-is-root-container\"><div class=\"uagb-container-inner-blocks-wrap\">\n<div class=\"wp-block-columns alignfull is-layout-flex wp-container-core-columns-is-layout-28f84493 wp-block-columns-is-layout-flex\">\n<div class=\"wp-block-column is-layout-flow wp-block-column-is-layout-flow\">\n<div class=\"wp-block-uagb-image aligncenter uagb-block-277c35de wp-block-uagb-image--layout-default wp-block-uagb-image--effect-static wp-block-uagb-image--align-center\"><figure class=\"wp-block-uagb-image__figure\"><img decoding=\"async\" srcset=\"http:\/\/www.wearemuse.eu\/wp-content\/uploads\/2025\/08\/cenefa-1-1024x160.png ,http:\/\/www.wearemuse.eu\/wp-content\/uploads\/2025\/08\/cenefa-1.png 780w, http:\/\/www.wearemuse.eu\/wp-content\/uploads\/2025\/08\/cenefa-1.png 360w\" sizes=\"auto, (max-width: 480px) 150px\" src=\"http:\/\/www.wearemuse.eu\/wp-content\/uploads\/2025\/08\/cenefa-1-1024x160.png\" alt=\"\" class=\"uag-image-551\" width=\"1024\" height=\"160\" title=\"cenefa\" loading=\"lazy\" role=\"img\"><\/figure><\/div>\n<\/div>\n\n\n\n<div class=\"wp-block-column is-vertically-aligned-center is-layout-flow wp-block-column-is-layout-flow\">\n<p class=\"has-text-align-center has-ast-global-color-6-color has-text-color has-link-color wp-elements-8259cdbc6701839857e65d6642738f0b\"><a href=\"https:\/\/www.wearemuse.eu\/fr\/mentions-legales\/\"><strong>Mentions l\u00e9gales<\/strong><\/a> | <strong><a href=\"http:\/\/www.wearemuse.eu\/fr\/politique-de-confidentialite\/\">politique de confidentialit\u00e9<\/a><\/strong>|<a href=\"https:\/\/www.wearemuse.eu\/fr\/politique-relative-aux-cookies-ue\/\" data-type=\"page\" data-id=\"345\"><strong>Politique relative aux cookies<\/strong><\/a><\/p>\n<\/div>\n\n\n\n<div class=\"wp-block-column is-layout-flow wp-block-column-is-layout-flow\">\n<div class=\"wp-block-uagb-image aligncenter uagb-block-99518519 wp-block-uagb-image--layout-default wp-block-uagb-image--effect-static wp-block-uagb-image--align-center\"><figure class=\"wp-block-uagb-image__figure\"><img decoding=\"async\" srcset=\"http:\/\/www.wearemuse.eu\/wp-content\/uploads\/2025\/08\/cenefa-1-1024x160.png ,http:\/\/www.wearemuse.eu\/wp-content\/uploads\/2025\/08\/cenefa-1.png 780w, http:\/\/www.wearemuse.eu\/wp-content\/uploads\/2025\/08\/cenefa-1.png 360w\" sizes=\"auto, (max-width: 480px) 150px\" src=\"http:\/\/www.wearemuse.eu\/wp-content\/uploads\/2025\/08\/cenefa-1-1024x160.png\" alt=\"\" class=\"uag-image-551\" width=\"1024\" height=\"160\" title=\"cenefa\" loading=\"lazy\" role=\"img\"><\/figure><\/div>\n<\/div>\n<\/div>\n<\/div><\/div>\n","protected":false},"excerpt":{"rendered":"<p>BELGIQUE KAOS promeut les talents cr\u00e9atifs d&rsquo;individus, avec ou sans vuln\u00e9rabilit\u00e9 mentale, \u00e0 travers des expositions, des performances et des [&hellip;]<\/p>\n","protected":false},"author":1,"featured_media":0,"parent":0,"menu_order":0,"comment_status":"closed","ping_status":"closed","template":"","meta":{"_coblocks_attr":"","_coblocks_dimensions":"","_coblocks_responsive_height":"","_coblocks_accordion_ie_support":"","_uag_custom_page_level_css":"","site-sidebar-layout":"default","site-content-layout":"","ast-site-content-layout":"default","site-content-style":"default","site-sidebar-style":"default","ast-global-header-display":"","ast-banner-title-visibility":"","ast-main-header-display":"","ast-hfb-above-header-display":"","ast-hfb-below-header-display":"","ast-hfb-mobile-header-display":"","site-post-title":"disabled","ast-breadcrumbs-content":"","ast-featured-img":"","footer-sml-layout":"","theme-transparent-header-meta":"","adv-header-id-meta":"","stick-header-meta":"","header-above-stick-meta":"","header-main-stick-meta":"","header-below-stick-meta":"","astra-migrate-meta-layouts":"default","ast-page-background-enabled":"default","ast-page-background-meta":{"desktop":{"background-color":"var(--ast-global-color-5)","background-image":"","background-repeat":"repeat","background-position":"center center","background-size":"auto","background-attachment":"scroll","background-type":"","background-media":"","overlay-type":"","overlay-color":"","overlay-opacity":"","overlay-gradient":""},"tablet":{"background-color":"","background-image":"","background-repeat":"repeat","background-position":"center center","background-size":"auto","background-attachment":"scroll","background-type":"","background-media":"","overlay-type":"","overlay-color":"","overlay-opacity":"","overlay-gradient":""},"mobile":{"background-color":"","background-image":"","background-repeat":"repeat","background-position":"center center","background-size":"auto","background-attachment":"scroll","background-type":"","background-media":"","overlay-type":"","overlay-color":"","overlay-opacity":"","overlay-gradient":""}},"ast-content-background-meta":{"desktop":{"background-color":"var(--ast-global-color-4)","background-image":"","background-repeat":"repeat","background-position":"center center","background-size":"auto","background-attachment":"scroll","background-type":"","background-media":"","overlay-type":"","overlay-color":"","overlay-opacity":"","overlay-gradient":""},"tablet":{"background-color":"var(--ast-global-color-4)","background-image":"","background-repeat":"repeat","background-position":"center center","background-size":"auto","background-attachment":"scroll","background-type":"","background-media":"","overlay-type":"","overlay-color":"","overlay-opacity":"","overlay-gradient":""},"mobile":{"background-color":"var(--ast-global-color-4)","background-image":"","background-repeat":"repeat","background-position":"center center","background-size":"auto","background-attachment":"scroll","background-type":"","background-media":"","overlay-type":"","overlay-color":"","overlay-opacity":"","overlay-gradient":""}},"_themeisle_gutenberg_block_has_review":false,"_vp_format_video_url":"","_vp_image_focal_point":[],"footnotes":""},"class_list":["post-1026","page","type-page","status-publish","hentry"],"uagb_featured_image_src":{"full":false,"thumbnail":false,"medium":false,"medium_large":false,"large":false,"1536x1536":false,"2048x2048":false,"vp_sm":false,"vp_md":false,"vp_lg":false,"vp_xl":false,"vp_sm_popup":false,"vp_md_popup":false,"vp_xl_popup":false,"mailpoet_newsletter_max":false,"woocommerce_thumbnail":false,"woocommerce_single":false,"woocommerce_gallery_thumbnail":false},"uagb_author_info":{"display_name":"adminJULIACUNY","author_link":"http:\/\/www.wearemuse.eu\/fr\/author\/adminjuliacuny\/"},"uagb_comment_info":0,"uagb_excerpt":"BELGIQUE KAOS promeut les talents cr\u00e9atifs d&rsquo;individus, avec ou sans vuln\u00e9rabilit\u00e9 mentale, \u00e0 travers des expositions, des performances et des [&hellip;]","_links":{"self":[{"href":"http:\/\/www.wearemuse.eu\/fr\/wp-json\/wp\/v2\/pages\/1026","targetHints":{"allow":["GET"]}}],"collection":[{"href":"http:\/\/www.wearemuse.eu\/fr\/wp-json\/wp\/v2\/pages"}],"about":[{"href":"http:\/\/www.wearemuse.eu\/fr\/wp-json\/wp\/v2\/types\/page"}],"author":[{"embeddable":true,"href":"http:\/\/www.wearemuse.eu\/fr\/wp-json\/wp\/v2\/users\/1"}],"replies":[{"embeddable":true,"href":"http:\/\/www.wearemuse.eu\/fr\/wp-json\/wp\/v2\/comments?post=1026"}],"version-history":[{"count":1,"href":"http:\/\/www.wearemuse.eu\/fr\/wp-json\/wp\/v2\/pages\/1026\/revisions"}],"predecessor-version":[{"id":1028,"href":"http:\/\/www.wearemuse.eu\/fr\/wp-json\/wp\/v2\/pages\/1026\/revisions\/1028"}],"wp:attachment":[{"href":"http:\/\/www.wearemuse.eu\/fr\/wp-json\/wp\/v2\/media?parent=1026"}],"curies":[{"name":"wp","href":"https:\/\/api.w.org\/{rel}","templated":true}]}}