{"id":1700,"date":"2025-08-21T11:28:14","date_gmt":"2025-08-21T09:28:14","guid":{"rendered":"http:\/\/www.wearemuse.eu\/politique-de-confidentialite\/"},"modified":"2025-09-29T12:21:20","modified_gmt":"2025-09-29T10:21:20","slug":"politique-de-confidentialite","status":"publish","type":"page","link":"http:\/\/www.wearemuse.eu\/fr\/politique-de-confidentialite\/","title":{"rendered":"Politique de confidentialit\u00e9"},"content":{"rendered":"\n<div style=\"height:200px\" aria-hidden=\"true\" class=\"wp-block-spacer\"><\/div>\n\n<div class=\"wp-block-uagb-container uagb-block-1ff241da alignfull uagb-is-root-container\"><div class=\"uagb-container-inner-blocks-wrap\">\n<div class=\"wp-block-columns is-layout-flex wp-container-core-columns-is-layout-28f84493 wp-block-columns-is-layout-flex\">\n<div class=\"wp-block-column is-layout-flow wp-block-column-is-layout-flow\" style=\"flex-basis:33.33%\">\n<div class=\"wp-block-uagb-image uagb-block-e320bca3 wp-block-uagb-image--layout-default wp-block-uagb-image--effect-static wp-block-uagb-image--align-none\"><figure class=\"wp-block-uagb-image__figure\"><img decoding=\"async\" srcset=\"http:\/\/www.wearemuse.eu\/wp-content\/uploads\/2025\/08\/MUSE-LOGO-1-11ee42.svg ,http:\/\/www.wearemuse.eu\/wp-content\/uploads\/2025\/08\/MUSE-LOGO-1-11ee42.svg 780w, http:\/\/www.wearemuse.eu\/wp-content\/uploads\/2025\/08\/MUSE-LOGO-1-11ee42.svg 360w\" sizes=\"auto, (max-width: 480px) 150px\" src=\"http:\/\/www.wearemuse.eu\/wp-content\/uploads\/2025\/08\/MUSE-LOGO-1-11ee42.svg\" alt=\"\" class=\"uag-image-147\" width=\"512\" height=\"508\" title=\"MUSE LOGO 1-11ee42\" loading=\"lazy\" role=\"img\"><\/figure><\/div>\n<\/div>\n\n\n\n<div class=\"wp-block-column is-vertically-aligned-top is-layout-flow wp-container-core-column-is-layout-296950c0 wp-block-column-is-layout-flow\" style=\"padding-right:var(--wp--preset--spacing--50);padding-left:var(--wp--preset--spacing--50);flex-basis:60%\">\n<h1 class=\"wp-block-heading has-ast-global-color-6-color has-text-color has-link-color wp-elements-3a8f19fbd7f5805612a77e5666711693\">Politique de confidentialit\u00e9 \u2013 wearemuse.eu<\/h1>\n\n\n\n<p><strong>Date d&rsquo;entr\u00e9e en vigueur<\/strong> : 10 septembre 2025<\/p>\n\n\n\n<h2 class=\"wp-block-heading has-ast-global-color-6-color has-text-color has-link-color wp-elements-abf81d8a2e5b7c49cfb9f5d0b7c47624\">1. Introduction<\/h2>\n\n\n\n<p>Cette politique de confidentialit\u00e9 d\u00e9crit comment nous traitons et prot\u00e9geons vos donn\u00e9es personnelles lorsque vous utilisez le site Web <strong><a href=\"https:\/\/www.wearemuse.eu\/\">www.wearemuse.eu<\/a><\/strong>, conform\u00e9ment au r\u00e8glement <strong>g\u00e9n\u00e9ral sur la protection des donn\u00e9es (RGPD)<\/strong> et aux autres lois applicables en mati\u00e8re de protection des donn\u00e9es de l&rsquo;UE.<\/p>\n\n\n\n<p><strong><strong><a href=\"https:\/\/www.wearemuse.eu\/\">www.wearemuse.eu <\/a><\/strong><\/strong>est le site officiel du <strong>projet MUSE,<\/strong> <strong>financ\u00e9 par Creative Europe<\/strong> et coordonn\u00e9 par :<\/p>\n\n\n\n<p><strong>Fundaci\u00f3n INTRAS<\/strong><br\/>C\/ Mart\u00edn Santos Romero, 1 \u2013 47016 Valladolid (Spain)<br\/>Email: <a>intras@intras.es<\/a><br\/>Data Protection Officer: <a>dpo@intras.es<\/a><\/p>\n\n\n\n<hr class=\"wp-block-separator has-alpha-channel-opacity\"\/>\n\n\n\n<h2 class=\"wp-block-heading has-ast-global-color-6-color has-text-color has-link-color wp-elements-148a69243004bf93c11681be38dbb058\">2. Quelles donn\u00e9es personnelles nous collectons<\/h2>\n\n\n\n<p>Nous pouvons collecter et traiter les donn\u00e9es personnelles suivantes :<\/p>\n\n\n\n<ul class=\"wp-block-list\">\n<li>Donn\u00e9es d&rsquo;identification : nom, pr\u00e9nom, adresse e-mail (lorsqu&rsquo;elles sont transmises volontairement via le formulaire de contact)<\/li>\n\n\n\n<li>Donn\u00e9es de communication : messages ou demandes soumis via le site Web<\/li>\n\n\n\n<li>Donn\u00e9es techniques : adresse IP, type de navigateur et donn\u00e9es d&rsquo;analyse (si les cookies sont accept\u00e9s)<\/li>\n<\/ul>\n\n\n\n<p>Nous <strong>ne<\/strong> collectons pas de cat\u00e9gories particuli\u00e8res de donn\u00e9es (par exemple, sant\u00e9, convictions politiques, etc.).<\/p>\n\n\n\n<hr class=\"wp-block-separator has-alpha-channel-opacity\"\/>\n\n\n\n<h2 class=\"wp-block-heading has-ast-global-color-6-color has-text-color has-link-color wp-elements-ddb79cf187228f1fc460a8059fb2683c\">3. Finalit\u00e9 du traitement des donn\u00e9es<\/h2>\n\n\n\n<p>Nous traitons vos donn\u00e9es personnelles aux fins suivantes :<\/p>\n\n\n\n<ul class=\"wp-block-list\">\n<li>Pour r\u00e9pondre \u00e0 vos demandes de contact<\/li>\n\n\n\n<li>Pour g\u00e9rer votre participation aux activit\u00e9s li\u00e9es \u00e0 MUSE (le cas \u00e9ch\u00e9ant)<\/li>\n\n\n\n<li>Pour analyser le trafic du site Web et am\u00e9liorer l&rsquo;exp\u00e9rience utilisateur (uniquement si les cookies sont accept\u00e9s)<\/li>\n\n\n\n<li>Pour remplir les obligations de transparence des projets financ\u00e9s par l&rsquo;UE<\/li>\n<\/ul>\n\n\n\n<p>Nous n&rsquo;utilisons pas vos donn\u00e9es \u00e0 des fins commerciales et nous n&rsquo;envoyons pas de newsletters \u00e0 moins que vous ne vous y inscriviez explicitement.<\/p>\n\n\n\n<hr class=\"wp-block-separator has-alpha-channel-opacity\"\/>\n\n\n\n<h2 class=\"wp-block-heading has-black-color has-text-color has-link-color wp-elements-eb90c2f53e072296bd76d09d69cc09c1\">4. Bases juridiques<\/h2>\n\n\n\n<p>Les bases juridiques du traitement de vos donn\u00e9es sont :<\/p>\n\n\n\n<ul class=\"wp-block-list\">\n<li><strong>Consent<\/strong> (Art. 6.1.a GDPR): when you voluntarily provide your data via the contact form or accept cookies<\/li>\n\n\n\n<li><strong>Public interest\/mission<\/strong> (Art. 6.1.e GDPR): when data processing is necessary for the execution and communication of the EU-funded MUSE project<\/li>\n\n\n\n<li><strong> Obligations l\u00e9gales<\/strong>: si la r\u00e9glementation europ\u00e9enne en mati\u00e8re d&rsquo;audit l&rsquo;exige<\/li>\n<\/ul>\n\n\n\n<hr class=\"wp-block-separator has-alpha-channel-opacity\"\/>\n\n\n\n<h2 class=\"wp-block-heading has-ast-global-color-6-color has-text-color has-link-color wp-elements-34304aad0c79823ad08ab7e4df2919dd\">5. Conservation des donn\u00e9es<\/h2>\n\n\n\n<p>Nous conservons les donn\u00e9es personnelles uniquement aussi longtemps que n\u00e9cessaire pour atteindre les finalit\u00e9s pour lesquelles elles ont \u00e9t\u00e9 collect\u00e9es.<\/p>\n\n\n\n<p>Conform\u00e9ment aux r\u00e8gles de financement de l&rsquo;UE (par exemple, Horizon, Interreg), les donn\u00e9es peuvent \u00eatre conserv\u00e9es jusqu&rsquo;\u00e0<strong> 5 ans apr\u00e8s la cl\u00f4ture du projet<\/strong>, \u00e0 des fins d&rsquo;audit et de v\u00e9rification.<\/p>\n\n\n\n<hr class=\"wp-block-separator has-alpha-channel-opacity\"\/>\n\n\n\n<h2 class=\"wp-block-heading has-ast-global-color-6-color has-text-color has-link-color wp-elements-cee33fd55a523ff6036fe84ba2e70a96\">6. Destinataires des donn\u00e9es<\/h2>\n\n\n\n<p>Vos donn\u00e9es <strong>ne <\/strong>seront pas partag\u00e9es avec des tiers \u00e0 des fins commerciales. Elles peuvent \u00eatre partag\u00e9es avec :<\/p>\n\n\n\n<ul class=\"wp-block-list\">\n<li>Partenaires du projet MUSE (uniquement si n\u00e9cessaire et dans le cadre d&rsquo;accords de responsabilit\u00e9 conjointe)<\/li>\n\n\n\n<li>Institutions publiques ou services de la Commission europ\u00e9enne (si n\u00e9cessaire)<\/li>\n\n\n\n<li>Les fournisseurs de services technologiques (tels que les h\u00e9bergeurs de sites Web ou les serveurs de messagerie) agissant en tant que <strong>sous-traitants de donn\u00e9es<\/strong> en vertu de l&rsquo;article 28 du RGPD, avec des contrats sign\u00e9s garantissant la conformit\u00e9<\/li>\n<\/ul>\n\n\n\n<hr class=\"wp-block-separator has-alpha-channel-opacity\"\/>\n\n\n\n<h2 class=\"wp-block-heading has-ast-global-color-6-color has-text-color has-link-color wp-elements-c421bef46a8bc0d54be89b76f552b088\">7. Transferts internationaux de donn\u00e9es<\/h2>\n\n\n\n<p>Aucun transfert international de donn\u00e9es n&rsquo;est pr\u00e9vu.<br\/>Si nous utilisons des services ou des outils bas\u00e9s en dehors <strong>de l&rsquo;Espace \u00e9conomique europ\u00e9en (EEE)<\/strong>, des garanties appropri\u00e9es seront mises en place (par exemple, des clauses contractuelles types approuv\u00e9es par la Commission europ\u00e9enne).<\/p>\n\n\n\n<hr class=\"wp-block-separator has-alpha-channel-opacity\"\/>\n\n\n\n<h2 class=\"wp-block-heading has-ast-global-color-6-color has-text-color has-link-color wp-elements-b040959d7a97528d4d8b1a6a89473874\">8. Droits des personnes concern\u00e9es<\/h2>\n\n\n\n<p>Vous avez le droit de :<\/p>\n\n\n\n<ul class=\"wp-block-list\">\n<li>Acc\u00e9der \u00e0 vos donn\u00e9es personnelles<\/li>\n\n\n\n<li>Demander la rectification des donn\u00e9es inexactes<\/li>\n\n\n\n<li>Demandez la suppression de vos donn\u00e9es lorsqu&rsquo;elles ne sont plus n\u00e9cessaires<\/li>\n\n\n\n<li>S&rsquo;opposer au traitement ou le restreindre dans certains cas<\/li>\n\n\n\n<li>Demander la portabilit\u00e9 des donn\u00e9es (dans les cas applicables)<\/li>\n\n\n\n<li>Retirez votre consentement \u00e0 tout moment<\/li>\n<\/ul>\n\n\n\n<p>To exercise any of these rights, contact: <strong><a>dpo@intras.es<\/a><\/strong><br\/>You also have the right to lodge a complaint with the <strong>Spanish Data Protection Agency (AEPD)<\/strong>: <a class=\"\" href=\"http:\/\/www.aepd.es\/\">www.aepd.es<\/a><\/p>\n\n\n\n<hr class=\"wp-block-separator has-alpha-channel-opacity\"\/>\n\n\n\n<h2 class=\"wp-block-heading has-ast-global-color-6-color has-text-color has-link-color wp-elements-88d4ffbc026b350ecdfca176c8fe5c8b\">9. S\u00e9curit\u00e9 des donn\u00e9es<\/h2>\n\n\n\n<p>Nous appliquons des mesures techniques et organisationnelles pour prot\u00e9ger vos donn\u00e9es, notamment :<\/p>\n\n\n\n<ul class=\"wp-block-list\">\n<li>Cryptage SSL (HTTPS)<\/li>\n\n\n\n<li>H\u00e9bergement s\u00e9curis\u00e9 au sein de l&rsquo;UE<\/li>\n\n\n\n<li>Acc\u00e8s limit\u00e9 aux donn\u00e9es par le personnel autoris\u00e9 uniquement<\/li>\n\n\n\n<li>Sauvegardes et surveillance r\u00e9guli\u00e8res<\/li>\n<\/ul>\n\n\n\n<hr class=\"wp-block-separator has-alpha-channel-opacity\"\/>\n\n\n\n<h2 class=\"wp-block-heading has-ast-global-color-6-color has-text-color has-link-color wp-elements-d067e2a7af18038cd3f1cc719986e0e5\">10. Cookies<\/h2>\n\n\n\n<p>Ce site utilise des cookies \u00e0 des fins statistiques et pour am\u00e9liorer votre exp\u00e9rience.<\/p>\n\n\n\n<p>Les cookies non essentiels ne seront activ\u00e9s que si vous donnez <strong>votre consentement explicite<\/strong> via notre banni\u00e8re de cookies. Vous pouvez configurer vos pr\u00e9f\u00e9rences ou retirer votre consentement \u00e0 tout moment. Pour plus d&rsquo;informations, consultez notre<a href=\"https:\/\/www.wearemuse.eu\/fr\/politique-relative-aux-cookies-ue\/\"> Politique relative aux cookies<\/a>.  <\/p>\n\n\n\n<hr class=\"wp-block-separator has-alpha-channel-opacity\"\/>\n\n\n\n<h2 class=\"wp-block-heading has-ast-global-color-6-color has-text-color has-link-color wp-elements-6b7c9d49e330dfaceddcd119ddaeb03f\">11. Modifications de cette politique<\/h2>\n\n\n\n<p>Nous sommes susceptibles de mettre \u00e0 jour cette politique en r\u00e9ponse \u00e0 des changements juridiques ou fonctionnels. La derni\u00e8re version sera toujours disponible sur cette page. <\/p>\n\n\n\n<hr class=\"wp-block-separator has-alpha-channel-opacity\"\/>\n\n\n\n<h2 class=\"wp-block-heading has-ast-global-color-6-color has-text-color has-link-color wp-elements-2df54af756e5c3d15c97379e0d6df035\">12. Contact<\/h2>\n\n\n\n<p>Pour toute question concernant cette politique de confidentialit\u00e9 ou l&rsquo;utilisation de vos donn\u00e9es :<\/p>\n\n\n\n<p><strong>Fondation INTRAS<\/strong><br\/>Courriel : <a>dpo@intras.es<\/a><br\/>Adresse : C\/ Mart\u00edn Santos Romero, 1 \u2013 47016 Valladolid (Espagne)<\/p>\n<\/div>\n<\/div>\n<\/div><\/div>\n\n<div class=\"wp-block-group has-contrast-color has-ast-global-color-8-background-color has-text-color has-background is-nowrap is-layout-flex wp-container-core-group-is-layout-7a3fc07c wp-block-group-is-layout-flex\" style=\"min-height:40%;margin-top:0;margin-bottom:0;padding-top:var(--wp--preset--spacing--40);padding-right:var(--wp--preset--spacing--80);padding-bottom:var(--wp--preset--spacing--40);padding-left:var(--wp--preset--spacing--80)\">\n<div class=\"wp-block-columns is-layout-flex wp-container-core-columns-is-layout-28f84493 wp-block-columns-is-layout-flex\">\n<div class=\"wp-block-column is-vertically-aligned-center is-layout-flow wp-block-column-is-layout-flow\" style=\"flex-basis:50%\"><div style=\"margin-bottom:6px;\" class=\"alignleft is-style-default wp-block-site-logo\"><a href=\"http:\/\/www.wearemuse.eu\/fr\/\" class=\"custom-logo-link\" rel=\"home\"><img decoding=\"async\" src=\"http:\/\/www.wearemuse.eu\/wp-content\/uploads\/2026\/04\/LOGO-MUSE-PRIMARY-MENU-81cc21.svg\" class=\"custom-logo astra-logo-svg\" alt=\"wearemuse\" srcset=\"http:\/\/www.wearemuse.eu\/wp-content\/uploads\/2026\/04\/LOGO-MUSE-PRIMARY-MENU-81cc21.svg 1x, http:\/\/www.wearemuse.eu\/wp-content\/uploads\/2026\/04\/LOGO-MUSE-PRIMARY-MENU-81cc21.svg 2x\" \/><\/a><\/div>\n\n\n<div class=\"wp-block-uagb-container uagb-block-9d4e5a39 alignfull uagb-is-root-container\"><div class=\"uagb-container-inner-blocks-wrap\">\n<hr class=\"wp-block-separator alignfull has-text-color has-ast-global-color-0-color has-alpha-channel-opacity has-ast-global-color-0-background-color has-background\"\/>\n<\/div><\/div>\n\n\n\n<div class=\"wp-block-group is-nowrap is-layout-flex wp-container-core-group-is-layout-6c531013 wp-block-group-is-layout-flex\">\n<div class=\"wp-block-uagb-container uagb-block-6cd7650f alignfull uagb-is-root-container\"><div class=\"uagb-container-inner-blocks-wrap\">\n<p class=\"has-text-align-left has-ast-global-color-7-color has-text-color has-link-color has-medium-font-size wp-elements-b17f7d815d52dcb6c7b33d30f5f21300\">R\u00e9alis\u00e9 par l&rsquo;\u00e9quipe du projet <a href=\"https:\/\/www.wearemuse.eu\/\">Muse <\/a>avec \u2665\ufe0f<\/p>\n<\/div><\/div>\n<\/div>\n\n\n\n<ul class=\"wp-block-social-links alignleft has-normal-icon-size has-icon-color is-style-logos-only is-nowrap is-layout-flex wp-container-core-social-links-is-layout-65900438 wp-block-social-links-is-layout-flex\"><li style=\"color: var(--ast-global-color-4); \" class=\"wp-social-link wp-social-link-instagram has-ast-global-color-4-color wp-block-social-link\"><a href=\"https:\/\/www.instagram.com\/wearemuse.eu\/\" class=\"wp-block-social-link-anchor\"><svg width=\"24\" height=\"24\" viewBox=\"0 0 24 24\" version=\"1.1\" xmlns=\"http:\/\/www.w3.org\/2000\/svg\" aria-hidden=\"true\" focusable=\"false\"><path d=\"M12,4.622c2.403,0,2.688,0.009,3.637,0.052c0.877,0.04,1.354,0.187,1.671,0.31c0.42,0.163,0.72,0.358,1.035,0.673 c0.315,0.315,0.51,0.615,0.673,1.035c0.123,0.317,0.27,0.794,0.31,1.671c0.043,0.949,0.052,1.234,0.052,3.637 s-0.009,2.688-0.052,3.637c-0.04,0.877-0.187,1.354-0.31,1.671c-0.163,0.42-0.358,0.72-0.673,1.035 c-0.315,0.315-0.615,0.51-1.035,0.673c-0.317,0.123-0.794,0.27-1.671,0.31c-0.949,0.043-1.233,0.052-3.637,0.052 s-2.688-0.009-3.637-0.052c-0.877-0.04-1.354-0.187-1.671-0.31c-0.42-0.163-0.72-0.358-1.035-0.673 c-0.315-0.315-0.51-0.615-0.673-1.035c-0.123-0.317-0.27-0.794-0.31-1.671C4.631,14.688,4.622,14.403,4.622,12 s0.009-2.688,0.052-3.637c0.04-0.877,0.187-1.354,0.31-1.671c0.163-0.42,0.358-0.72,0.673-1.035 c0.315-0.315,0.615-0.51,1.035-0.673c0.317-0.123,0.794-0.27,1.671-0.31C9.312,4.631,9.597,4.622,12,4.622 M12,3 C9.556,3,9.249,3.01,8.289,3.054C7.331,3.098,6.677,3.25,6.105,3.472C5.513,3.702,5.011,4.01,4.511,4.511 c-0.5,0.5-0.808,1.002-1.038,1.594C3.25,6.677,3.098,7.331,3.054,8.289C3.01,9.249,3,9.556,3,12c0,2.444,0.01,2.751,0.054,3.711 c0.044,0.958,0.196,1.612,0.418,2.185c0.23,0.592,0.538,1.094,1.038,1.594c0.5,0.5,1.002,0.808,1.594,1.038 c0.572,0.222,1.227,0.375,2.185,0.418C9.249,20.99,9.556,21,12,21s2.751-0.01,3.711-0.054c0.958-0.044,1.612-0.196,2.185-0.418 c0.592-0.23,1.094-0.538,1.594-1.038c0.5-0.5,0.808-1.002,1.038-1.594c0.222-0.572,0.375-1.227,0.418-2.185 C20.99,14.751,21,14.444,21,12s-0.01-2.751-0.054-3.711c-0.044-0.958-0.196-1.612-0.418-2.185c-0.23-0.592-0.538-1.094-1.038-1.594 c-0.5-0.5-1.002-0.808-1.594-1.038c-0.572-0.222-1.227-0.375-2.185-0.418C14.751,3.01,14.444,3,12,3L12,3z M12,7.378 c-2.552,0-4.622,2.069-4.622,4.622S9.448,16.622,12,16.622s4.622-2.069,4.622-4.622S14.552,7.378,12,7.378z M12,15 c-1.657,0-3-1.343-3-3s1.343-3,3-3s3,1.343,3,3S13.657,15,12,15z M16.804,6.116c-0.596,0-1.08,0.484-1.08,1.08 s0.484,1.08,1.08,1.08c0.596,0,1.08-0.484,1.08-1.08S17.401,6.116,16.804,6.116z\"><\/path><\/svg><span class=\"wp-block-social-link-label screen-reader-text\">Instagram<\/span><\/a><\/li><\/ul>\n<\/div>\n\n\n\n<div class=\"wp-block-column is-vertically-aligned-center is-layout-flow wp-block-column-is-layout-flow\" style=\"flex-basis:50%\">\n<div class=\"wp-block-group alignfull is-content-justification-left is-nowrap is-layout-flex wp-container-core-group-is-layout-fc9f69e7 wp-block-group-is-layout-flex\">\n<div class=\"wp-block-uagb-image alignwide uagb-block-44aea7a1 wp-block-uagb-image--layout-default wp-block-uagb-image--effect-static wp-block-uagb-image--align-wide\"><figure class=\"wp-block-uagb-image__figure\"><img decoding=\"async\" srcset=\"http:\/\/www.wearemuse.eu\/wp-content\/uploads\/2025\/09\/LOGO-CE_EN_RGB_HORIZONTAL_ALT_White-1024x368.png ,http:\/\/www.wearemuse.eu\/wp-content\/uploads\/2025\/09\/LOGO-CE_EN_RGB_HORIZONTAL_ALT_White.png 780w, http:\/\/www.wearemuse.eu\/wp-content\/uploads\/2025\/09\/LOGO-CE_EN_RGB_HORIZONTAL_ALT_White.png 360w\" sizes=\"auto, (max-width: 480px) 150px\" src=\"http:\/\/www.wearemuse.eu\/wp-content\/uploads\/2025\/09\/LOGO-CE_EN_RGB_HORIZONTAL_ALT_White-1024x368.png\" alt=\"\" class=\"uag-image-657\" width=\"1024\" height=\"368\" title=\"LOGO CE_EN_RGB_HORIZONTAL_ALT_White\" loading=\"lazy\" role=\"img\"><\/figure><\/div>\n\n\n\n<p class=\"has-ast-global-color-4-color has-text-color has-link-color wp-elements-163f4040ae0bf7913e8c49779ce93d8a\">Avec le soutien du programme Europe cr\u00e9ative de l&rsquo;Union europ\u00e9enne<\/p>\n<\/div>\n<\/div>\n<\/div>\n<\/div>\n\n<div class=\"wp-block-uagb-container uagb-block-66e7bf28 alignfull uagb-is-root-container\"><div class=\"uagb-container-inner-blocks-wrap\">\n<div class=\"wp-block-columns alignfull is-layout-flex wp-container-core-columns-is-layout-28f84493 wp-block-columns-is-layout-flex\">\n<div class=\"wp-block-column is-layout-flow wp-block-column-is-layout-flow\">\n<div class=\"wp-block-uagb-image aligncenter uagb-block-277c35de wp-block-uagb-image--layout-default wp-block-uagb-image--effect-static wp-block-uagb-image--align-center\"><figure class=\"wp-block-uagb-image__figure\"><img decoding=\"async\" srcset=\"http:\/\/www.wearemuse.eu\/wp-content\/uploads\/2025\/08\/cenefa-1-1024x160.png ,http:\/\/www.wearemuse.eu\/wp-content\/uploads\/2025\/08\/cenefa-1.png 780w, http:\/\/www.wearemuse.eu\/wp-content\/uploads\/2025\/08\/cenefa-1.png 360w\" sizes=\"auto, (max-width: 480px) 150px\" src=\"http:\/\/www.wearemuse.eu\/wp-content\/uploads\/2025\/08\/cenefa-1-1024x160.png\" alt=\"\" class=\"uag-image-551\" width=\"1024\" height=\"160\" title=\"cenefa\" loading=\"lazy\" role=\"img\"><\/figure><\/div>\n<\/div>\n\n\n\n<div class=\"wp-block-column is-vertically-aligned-center is-layout-flow wp-block-column-is-layout-flow\">\n<p class=\"has-text-align-center has-ast-global-color-6-color has-text-color has-link-color wp-elements-8259cdbc6701839857e65d6642738f0b\"><a href=\"https:\/\/www.wearemuse.eu\/fr\/mentions-legales\/\"><strong>Mentions l\u00e9gales<\/strong><\/a> | <strong><a href=\"http:\/\/www.wearemuse.eu\/fr\/politique-de-confidentialite\/\">politique de confidentialit\u00e9<\/a><\/strong>|<a href=\"https:\/\/www.wearemuse.eu\/fr\/politique-relative-aux-cookies-ue\/\" data-type=\"page\" data-id=\"345\"><strong>Politique relative aux cookies<\/strong><\/a><\/p>\n<\/div>\n\n\n\n<div class=\"wp-block-column is-layout-flow wp-block-column-is-layout-flow\">\n<div class=\"wp-block-uagb-image aligncenter uagb-block-99518519 wp-block-uagb-image--layout-default wp-block-uagb-image--effect-static wp-block-uagb-image--align-center\"><figure class=\"wp-block-uagb-image__figure\"><img decoding=\"async\" srcset=\"http:\/\/www.wearemuse.eu\/wp-content\/uploads\/2025\/08\/cenefa-1-1024x160.png ,http:\/\/www.wearemuse.eu\/wp-content\/uploads\/2025\/08\/cenefa-1.png 780w, http:\/\/www.wearemuse.eu\/wp-content\/uploads\/2025\/08\/cenefa-1.png 360w\" sizes=\"auto, (max-width: 480px) 150px\" src=\"http:\/\/www.wearemuse.eu\/wp-content\/uploads\/2025\/08\/cenefa-1-1024x160.png\" alt=\"\" class=\"uag-image-551\" width=\"1024\" height=\"160\" title=\"cenefa\" loading=\"lazy\" role=\"img\"><\/figure><\/div>\n<\/div>\n<\/div>\n<\/div><\/div>\n","protected":false},"excerpt":{"rendered":"<p>Politique de confidentialit\u00e9 \u2013 wearemuse.eu Date d&rsquo;entr\u00e9e en vigueur : 10 septembre 2025 1. Introduction Cette politique de confidentialit\u00e9 d\u00e9crit [&hellip;]<\/p>\n","protected":false},"author":1,"featured_media":0,"parent":0,"menu_order":0,"comment_status":"closed","ping_status":"open","template":"","meta":{"_coblocks_attr":"","_coblocks_dimensions":"","_coblocks_responsive_height":"","_coblocks_accordion_ie_support":"","_uag_custom_page_level_css":"","site-sidebar-layout":"default","site-content-layout":"","ast-site-content-layout":"default","site-content-style":"default","site-sidebar-style":"default","ast-global-header-display":"","ast-banner-title-visibility":"","ast-main-header-display":"","ast-hfb-above-header-display":"","ast-hfb-below-header-display":"","ast-hfb-mobile-header-display":"","site-post-title":"disabled","ast-breadcrumbs-content":"","ast-featured-img":"","footer-sml-layout":"","theme-transparent-header-meta":"","adv-header-id-meta":"","stick-header-meta":"","header-above-stick-meta":"","header-main-stick-meta":"","header-below-stick-meta":"","astra-migrate-meta-layouts":"default","ast-page-background-enabled":"default","ast-page-background-meta":{"desktop":{"background-color":"var(--ast-global-color-5)","background-image":"","background-repeat":"repeat","background-position":"center center","background-size":"auto","background-attachment":"scroll","background-type":"","background-media":"","overlay-type":"","overlay-color":"","overlay-opacity":"","overlay-gradient":""},"tablet":{"background-color":"","background-image":"","background-repeat":"repeat","background-position":"center center","background-size":"auto","background-attachment":"scroll","background-type":"","background-media":"","overlay-type":"","overlay-color":"","overlay-opacity":"","overlay-gradient":""},"mobile":{"background-color":"","background-image":"","background-repeat":"repeat","background-position":"center center","background-size":"auto","background-attachment":"scroll","background-type":"","background-media":"","overlay-type":"","overlay-color":"","overlay-opacity":"","overlay-gradient":""}},"ast-content-background-meta":{"desktop":{"background-color":"var(--ast-global-color-4)","background-image":"","background-repeat":"repeat","background-position":"center center","background-size":"auto","background-attachment":"scroll","background-type":"","background-media":"","overlay-type":"","overlay-color":"","overlay-opacity":"","overlay-gradient":""},"tablet":{"background-color":"var(--ast-global-color-4)","background-image":"","background-repeat":"repeat","background-position":"center center","background-size":"auto","background-attachment":"scroll","background-type":"","background-media":"","overlay-type":"","overlay-color":"","overlay-opacity":"","overlay-gradient":""},"mobile":{"background-color":"var(--ast-global-color-4)","background-image":"","background-repeat":"repeat","background-position":"center center","background-size":"auto","background-attachment":"scroll","background-type":"","background-media":"","overlay-type":"","overlay-color":"","overlay-opacity":"","overlay-gradient":""}},"_themeisle_gutenberg_block_has_review":false,"_vp_format_video_url":"","_vp_image_focal_point":[],"footnotes":""},"class_list":["post-1700","page","type-page","status-publish","hentry"],"uagb_featured_image_src":{"full":false,"thumbnail":false,"medium":false,"medium_large":false,"large":false,"1536x1536":false,"2048x2048":false,"vp_sm":false,"vp_md":false,"vp_lg":false,"vp_xl":false,"vp_sm_popup":false,"vp_md_popup":false,"vp_xl_popup":false,"mailpoet_newsletter_max":false,"woocommerce_thumbnail":false,"woocommerce_single":false,"woocommerce_gallery_thumbnail":false},"uagb_author_info":{"display_name":"adminJULIACUNY","author_link":"http:\/\/www.wearemuse.eu\/fr\/author\/adminjuliacuny\/"},"uagb_comment_info":0,"uagb_excerpt":"Politique de confidentialit\u00e9 \u2013 wearemuse.eu Date d&rsquo;entr\u00e9e en vigueur : 10 septembre 2025 1. Introduction Cette politique de confidentialit\u00e9 d\u00e9crit [&hellip;]","_links":{"self":[{"href":"http:\/\/www.wearemuse.eu\/fr\/wp-json\/wp\/v2\/pages\/1700","targetHints":{"allow":["GET"]}}],"collection":[{"href":"http:\/\/www.wearemuse.eu\/fr\/wp-json\/wp\/v2\/pages"}],"about":[{"href":"http:\/\/www.wearemuse.eu\/fr\/wp-json\/wp\/v2\/types\/page"}],"author":[{"embeddable":true,"href":"http:\/\/www.wearemuse.eu\/fr\/wp-json\/wp\/v2\/users\/1"}],"replies":[{"embeddable":true,"href":"http:\/\/www.wearemuse.eu\/fr\/wp-json\/wp\/v2\/comments?post=1700"}],"version-history":[{"count":1,"href":"http:\/\/www.wearemuse.eu\/fr\/wp-json\/wp\/v2\/pages\/1700\/revisions"}],"predecessor-version":[{"id":1701,"href":"http:\/\/www.wearemuse.eu\/fr\/wp-json\/wp\/v2\/pages\/1700\/revisions\/1701"}],"wp:attachment":[{"href":"http:\/\/www.wearemuse.eu\/fr\/wp-json\/wp\/v2\/media?parent=1700"}],"curies":[{"name":"wp","href":"https:\/\/api.w.org\/{rel}","templated":true}]}}