{"id":1070,"date":"2025-08-28T12:30:42","date_gmt":"2025-08-28T10:30:42","guid":{"rendered":"http:\/\/www.wearemuse.eu\/caritas-ukraine\/"},"modified":"2025-09-05T09:31:29","modified_gmt":"2025-09-05T07:31:29","slug":"caritas-ukraine","status":"publish","type":"page","link":"http:\/\/www.wearemuse.eu\/nl\/caritas-ukraine\/","title":{"rendered":"Caritas-Oekra\u00efne"},"content":{"rendered":"\n<div class=\"wp-block-uagb-container uagb-block-ab29ed18 alignwide uagb-is-root-container\">\n<div class=\"wp-block-uagb-container uagb-block-baa9e98c alignwide uagb-is-root-container\">\n<div class=\"wp-block-columns is-layout-flex wp-container-core-columns-is-layout-28f84493 wp-block-columns-is-layout-flex\">\n<div class=\"wp-block-column is-layout-flow wp-block-column-is-layout-flow\" style=\"flex-basis:35%\"><\/div>\n\n\n\n<div class=\"wp-block-column is-layout-flow wp-block-column-is-layout-flow\">\n<div class=\"wp-block-uagb-image uagb-block-5d8a52a0 wp-block-uagb-image--layout-default wp-block-uagb-image--effect-static wp-block-uagb-image--align-none animated backInDown\"><figure class=\"wp-block-uagb-image__figure\"><img decoding=\"async\" srcset=\"http:\/\/www.wearemuse.eu\/wp-content\/uploads\/2025\/08\/caritas-ukraine-blanco-300x56.png ,http:\/\/www.wearemuse.eu\/wp-content\/uploads\/2025\/08\/caritas-ukraine-blanco.png 780w, http:\/\/www.wearemuse.eu\/wp-content\/uploads\/2025\/08\/caritas-ukraine-blanco.png 360w\" sizes=\"auto, (max-width: 480px) 150px\" src=\"http:\/\/www.wearemuse.eu\/wp-content\/uploads\/2025\/08\/caritas-ukraine-blanco-300x56.png\" alt=\"\" class=\"uag-image-530\" width=\"300\" height=\"56\" title=\"caritas-ukraine-blanco\" loading=\"lazy\" role=\"img\"><\/figure><\/div>\n\n\n\n<p class=\"has-text-align-center animated fadeIn delay-100ms has-ast-global-color-4-color has-text-color has-link-color wp-elements-41f554092c3459bc4ceefe1495c8b86d\"><strong>OEKRA\u00cfNE<\/strong><\/p>\n\n\n\n<p class=\"has-text-align-center animated fadeIn has-ast-global-color-4-color has-text-color has-link-color wp-elements-ec8ce08e6ca5fe4845e88cea46eff222\">Met meer dan twintig jaar ervaring biedt Caritas Oekra\u00efne inclusieve diensten en initiatieven voor sociale cohesie in heel Oekra\u00efne. Via lokale partnerschappen, waaronder opkomende ontwerpers, scholen en ondernemers, organiseren ze co-creatieworkshops en promoten ze MUSE-waarden in gemeenschappen die getroffen zijn door conflicten en marginalisering. <\/p>\n\n\n\n<div class=\"wp-block-uagb-buttons uagb-buttons__outer-wrap uagb-btn__default-btn uagb-btn-tablet__default-btn uagb-btn-mobile__default-btn uagb-block-2b0d1c58\"><div class=\"uagb-buttons__wrap uagb-buttons-layout-wrap \">\n<div class=\"wp-block-uagb-buttons-child uagb-buttons__outer-wrap uagb-block-5f279f9d wp-block-button animated backInDown delay-100ms\"><div class=\"uagb-button__wrapper\"><a class=\"uagb-buttons-repeater wp-block-button__link\" aria-label=\"\" href=\"https:\/\/caritas.ua\/\" rel=\"follow noopener\" target=\"_blank\" role=\"button\"><div class=\"uagb-button__link\">Klik hier<\/div><\/a><\/div><\/div>\n<\/div><\/div>\n<\/div>\n\n\n\n<div class=\"wp-block-column is-layout-flow wp-block-column-is-layout-flow\" style=\"flex-basis:35%\"><\/div>\n<\/div>\n<\/div>\n<\/div>\n\n<div class=\"wp-block-group has-contrast-color has-ast-global-color-8-background-color has-text-color has-background is-nowrap is-layout-flex wp-container-core-group-is-layout-7a3fc07c wp-block-group-is-layout-flex\" style=\"min-height:40%;margin-top:0;margin-bottom:0;padding-top:var(--wp--preset--spacing--40);padding-right:var(--wp--preset--spacing--80);padding-bottom:var(--wp--preset--spacing--40);padding-left:var(--wp--preset--spacing--80)\">\n<div class=\"wp-block-columns is-layout-flex wp-container-core-columns-is-layout-28f84493 wp-block-columns-is-layout-flex\">\n<div class=\"wp-block-column is-vertically-aligned-center is-layout-flow wp-block-column-is-layout-flow\" style=\"flex-basis:60%\"><div style=\"margin-bottom:6px;\" class=\"alignleft is-style-default wp-block-site-logo\"><a href=\"http:\/\/www.wearemuse.eu\/nl\/\" class=\"custom-logo-link\" rel=\"home\"><img decoding=\"async\" src=\"http:\/\/www.wearemuse.eu\/wp-content\/uploads\/2026\/04\/LOGO-MUSE-PRIMARY-MENU-81cc21.svg\" class=\"custom-logo astra-logo-svg\" alt=\"wearemuse\" srcset=\"http:\/\/www.wearemuse.eu\/wp-content\/uploads\/2026\/04\/LOGO-MUSE-PRIMARY-MENU-81cc21.svg 1x, http:\/\/www.wearemuse.eu\/wp-content\/uploads\/2026\/04\/LOGO-MUSE-PRIMARY-MENU-81cc21.svg 2x\" \/><\/a><\/div>\n\n\n<div class=\"wp-block-uagb-container uagb-block-9d4e5a39 alignfull uagb-is-root-container\"><div class=\"uagb-container-inner-blocks-wrap\">\n<hr class=\"wp-block-separator alignfull has-text-color has-ast-global-color-0-color has-alpha-channel-opacity has-ast-global-color-0-background-color has-background is-style-wide\"\/>\n<\/div><\/div>\n\n\n\n<div class=\"wp-block-group is-nowrap is-layout-flex wp-container-core-group-is-layout-6c531013 wp-block-group-is-layout-flex\">\n<div class=\"wp-block-uagb-container uagb-block-6cd7650f alignfull uagb-is-root-container\"><div class=\"uagb-container-inner-blocks-wrap\">\n<p class=\"has-text-align-left has-ast-global-color-7-color has-text-color has-link-color has-medium-font-size wp-elements-6d2e8d74959045ed248df7c4de8dfb3f\">gemaakt door het <a href=\"https:\/\/www.wearemuse.eu\/\">Muse <\/a>project team with \u2665\ufe0f<\/p>\n<\/div><\/div>\n<\/div>\n\n\n\n<div class=\"wp-block-uagb-container uagb-block-b76f6b9a alignfull uagb-is-root-container\"><div class=\"uagb-container-inner-blocks-wrap\">\n<div class=\"wp-block-columns is-layout-flex wp-container-core-columns-is-layout-4ea1b460 wp-block-columns-is-layout-flex\" style=\"padding-top:0;padding-right:0;padding-bottom:0;padding-left:0\">\n<div class=\"wp-block-column is-layout-flow wp-block-column-is-layout-flow\">\n<p class=\"has-white-color has-text-color has-link-color wp-elements-3b86a5326a98cdaed7d2a3a9e1331db1\">Volg ons op <a href=\"https:\/\/www.instagram.com\/wearemuse.eu\/\">Instagram<\/a><a style=\"color: white; text-decoration: none;\" href=\"https:\/\/www.instagram.com\/wearemuse.eu\/\" target=\"_blank\"> <\/a><a style=\"color: white; text-decoration: none;\" href=\"https:\/\/www.instagram.com\/wearemuse.eu\/\" target=\"_blank\"><br\/><\/a><\/p>\n<\/div>\n\n\n\n<div class=\"wp-block-column is-layout-flow wp-container-core-column-is-layout-fd134cff wp-block-column-is-layout-flow\" style=\"padding-right:0;padding-left:0;flex-basis:20%\"><\/div>\n<\/div>\n<\/div><\/div>\n<\/div>\n\n\n\n<div class=\"wp-block-column is-vertically-aligned-center is-layout-flow wp-block-column-is-layout-flow\" style=\"flex-basis:50%\">\n<div class=\"wp-block-group alignfull is-content-justification-left is-nowrap is-layout-flex wp-container-core-group-is-layout-fc9f69e7 wp-block-group-is-layout-flex\">\n<div class=\"wp-block-uagb-image alignwide uagb-block-44aea7a1 wp-block-uagb-image--layout-default wp-block-uagb-image--effect-static wp-block-uagb-image--align-wide\"><figure class=\"wp-block-uagb-image__figure\"><img decoding=\"async\" srcset=\"http:\/\/www.wearemuse.eu\/wp-content\/uploads\/2025\/09\/LOGO-CE_EN_RGB_HORIZONTAL_ALT_White-1024x368.png ,http:\/\/www.wearemuse.eu\/wp-content\/uploads\/2025\/09\/LOGO-CE_EN_RGB_HORIZONTAL_ALT_White.png 780w, http:\/\/www.wearemuse.eu\/wp-content\/uploads\/2025\/09\/LOGO-CE_EN_RGB_HORIZONTAL_ALT_White.png 360w\" sizes=\"auto, (max-width: 480px) 150px\" src=\"http:\/\/www.wearemuse.eu\/wp-content\/uploads\/2025\/09\/LOGO-CE_EN_RGB_HORIZONTAL_ALT_White-1024x368.png\" alt=\"\" class=\"uag-image-657\" width=\"1024\" height=\"368\" title=\"LOGO CE_EN_RGB_HORIZONTAL_ALT_White\" loading=\"lazy\" role=\"img\"><\/figure><\/div>\n\n\n\n<p class=\"has-ast-global-color-4-color has-text-color has-link-color wp-elements-79ab50fc07f51db97400bd35eefed850\">Med st\u00f8tte fra Den Europ\u00e6iske Unions program Kreativt Europa<\/p>\n<\/div>\n<\/div>\n<\/div>\n<\/div>\n\n<div class=\"wp-block-uagb-container uagb-block-66e7bf28 alignfull uagb-is-root-container\"><div class=\"uagb-container-inner-blocks-wrap\">\n<div class=\"wp-block-columns alignfull is-layout-flex wp-container-core-columns-is-layout-28f84493 wp-block-columns-is-layout-flex\">\n<div class=\"wp-block-column is-layout-flow wp-block-column-is-layout-flow\">\n<div class=\"wp-block-uagb-image aligncenter uagb-block-277c35de wp-block-uagb-image--layout-default wp-block-uagb-image--effect-static wp-block-uagb-image--align-center\"><figure class=\"wp-block-uagb-image__figure\"><img decoding=\"async\" srcset=\"http:\/\/www.wearemuse.eu\/wp-content\/uploads\/2025\/08\/cenefa-1-1024x160.png ,http:\/\/www.wearemuse.eu\/wp-content\/uploads\/2025\/08\/cenefa-1.png 780w, http:\/\/www.wearemuse.eu\/wp-content\/uploads\/2025\/08\/cenefa-1.png 360w\" sizes=\"auto, (max-width: 480px) 150px\" src=\"http:\/\/www.wearemuse.eu\/wp-content\/uploads\/2025\/08\/cenefa-1-1024x160.png\" alt=\"\" class=\"uag-image-551\" width=\"1024\" height=\"160\" title=\"cenefa\" loading=\"lazy\" role=\"img\"><\/figure><\/div>\n<\/div>\n\n\n\n<div class=\"wp-block-column is-vertically-aligned-center is-layout-flow wp-block-column-is-layout-flow\">\n<p class=\"has-text-align-center has-ast-global-color-6-color has-text-color has-link-color wp-elements-3f518c6624e51e9ec223f00d62e205af\"><a href=\"https:\/\/www.wearemuse.eu\/nl\/juridisk-meddelelse\/\"><strong>Juridische kennisgeving<\/strong><\/a> | <strong><a href=\"https:\/\/www.wearemuse.eu\/nl\/privacybeleid\/\">Privacybeleid <\/a><\/strong>|<a href=\"https:\/\/www.wearemuse.eu\/nl\/cookiepolitik-eu\/\" data-type=\"page\" data-id=\"345\"><strong>Cookiebeleid<\/strong><\/a><\/p>\n<\/div>\n\n\n\n<div class=\"wp-block-column is-layout-flow wp-block-column-is-layout-flow\">\n<div class=\"wp-block-uagb-image aligncenter uagb-block-99518519 wp-block-uagb-image--layout-default wp-block-uagb-image--effect-static wp-block-uagb-image--align-center\"><figure class=\"wp-block-uagb-image__figure\"><img decoding=\"async\" srcset=\"http:\/\/www.wearemuse.eu\/wp-content\/uploads\/2025\/08\/cenefa-1-1024x160.png ,http:\/\/www.wearemuse.eu\/wp-content\/uploads\/2025\/08\/cenefa-1.png 780w, http:\/\/www.wearemuse.eu\/wp-content\/uploads\/2025\/08\/cenefa-1.png 360w\" sizes=\"auto, (max-width: 480px) 150px\" src=\"http:\/\/www.wearemuse.eu\/wp-content\/uploads\/2025\/08\/cenefa-1-1024x160.png\" alt=\"\" class=\"uag-image-551\" width=\"1024\" height=\"160\" title=\"cenefa\" loading=\"lazy\" role=\"img\"><\/figure><\/div>\n<\/div>\n<\/div>\n<\/div><\/div>\n\n<p><\/p>\n","protected":false},"excerpt":{"rendered":"<p>OEKRA\u00cfNE Met meer dan twintig jaar ervaring biedt Caritas Oekra\u00efne inclusieve diensten en initiatieven voor sociale cohesie in heel Oekra\u00efne. [&hellip;]<\/p>\n","protected":false},"author":1,"featured_media":0,"parent":0,"menu_order":0,"comment_status":"closed","ping_status":"closed","template":"","meta":{"_coblocks_attr":"","_coblocks_dimensions":"","_coblocks_responsive_height":"","_coblocks_accordion_ie_support":"","_uag_custom_page_level_css":"","site-sidebar-layout":"default","site-content-layout":"","ast-site-content-layout":"default","site-content-style":"default","site-sidebar-style":"default","ast-global-header-display":"","ast-banner-title-visibility":"","ast-main-header-display":"","ast-hfb-above-header-display":"","ast-hfb-below-header-display":"","ast-hfb-mobile-header-display":"","site-post-title":"disabled","ast-breadcrumbs-content":"","ast-featured-img":"","footer-sml-layout":"","theme-transparent-header-meta":"","adv-header-id-meta":"","stick-header-meta":"","header-above-stick-meta":"","header-main-stick-meta":"","header-below-stick-meta":"","astra-migrate-meta-layouts":"default","ast-page-background-enabled":"default","ast-page-background-meta":{"desktop":{"background-color":"var(--ast-global-color-5)","background-image":"","background-repeat":"repeat","background-position":"center center","background-size":"auto","background-attachment":"scroll","background-type":"","background-media":"","overlay-type":"","overlay-color":"","overlay-opacity":"","overlay-gradient":""},"tablet":{"background-color":"","background-image":"","background-repeat":"repeat","background-position":"center center","background-size":"auto","background-attachment":"scroll","background-type":"","background-media":"","overlay-type":"","overlay-color":"","overlay-opacity":"","overlay-gradient":""},"mobile":{"background-color":"","background-image":"","background-repeat":"repeat","background-position":"center center","background-size":"auto","background-attachment":"scroll","background-type":"","background-media":"","overlay-type":"","overlay-color":"","overlay-opacity":"","overlay-gradient":""}},"ast-content-background-meta":{"desktop":{"background-color":"var(--ast-global-color-4)","background-image":"","background-repeat":"repeat","background-position":"center center","background-size":"auto","background-attachment":"scroll","background-type":"","background-media":"","overlay-type":"","overlay-color":"","overlay-opacity":"","overlay-gradient":""},"tablet":{"background-color":"var(--ast-global-color-4)","background-image":"","background-repeat":"repeat","background-position":"center center","background-size":"auto","background-attachment":"scroll","background-type":"","background-media":"","overlay-type":"","overlay-color":"","overlay-opacity":"","overlay-gradient":""},"mobile":{"background-color":"var(--ast-global-color-4)","background-image":"","background-repeat":"repeat","background-position":"center center","background-size":"auto","background-attachment":"scroll","background-type":"","background-media":"","overlay-type":"","overlay-color":"","overlay-opacity":"","overlay-gradient":""}},"_themeisle_gutenberg_block_has_review":false,"_vp_format_video_url":"","_vp_image_focal_point":[],"footnotes":""},"class_list":["post-1070","page","type-page","status-publish","hentry"],"uagb_featured_image_src":{"full":false,"thumbnail":false,"medium":false,"medium_large":false,"large":false,"1536x1536":false,"2048x2048":false,"vp_sm":false,"vp_md":false,"vp_lg":false,"vp_xl":false,"vp_sm_popup":false,"vp_md_popup":false,"vp_xl_popup":false,"mailpoet_newsletter_max":false,"woocommerce_thumbnail":false,"woocommerce_single":false,"woocommerce_gallery_thumbnail":false},"uagb_author_info":{"display_name":"adminJULIACUNY","author_link":"http:\/\/www.wearemuse.eu\/nl\/author\/adminjuliacuny\/"},"uagb_comment_info":0,"uagb_excerpt":"OEKRA\u00cfNE Met meer dan twintig jaar ervaring biedt Caritas Oekra\u00efne inclusieve diensten en initiatieven voor sociale cohesie in heel Oekra\u00efne. [&hellip;]","_links":{"self":[{"href":"http:\/\/www.wearemuse.eu\/nl\/wp-json\/wp\/v2\/pages\/1070","targetHints":{"allow":["GET"]}}],"collection":[{"href":"http:\/\/www.wearemuse.eu\/nl\/wp-json\/wp\/v2\/pages"}],"about":[{"href":"http:\/\/www.wearemuse.eu\/nl\/wp-json\/wp\/v2\/types\/page"}],"author":[{"embeddable":true,"href":"http:\/\/www.wearemuse.eu\/nl\/wp-json\/wp\/v2\/users\/1"}],"replies":[{"embeddable":true,"href":"http:\/\/www.wearemuse.eu\/nl\/wp-json\/wp\/v2\/comments?post=1070"}],"version-history":[{"count":3,"href":"http:\/\/www.wearemuse.eu\/nl\/wp-json\/wp\/v2\/pages\/1070\/revisions"}],"predecessor-version":[{"id":1529,"href":"http:\/\/www.wearemuse.eu\/nl\/wp-json\/wp\/v2\/pages\/1070\/revisions\/1529"}],"wp:attachment":[{"href":"http:\/\/www.wearemuse.eu\/nl\/wp-json\/wp\/v2\/media?parent=1070"}],"curies":[{"name":"wp","href":"https:\/\/api.w.org\/{rel}","templated":true}]}}